{"id":3283,"date":"2018-04-14T14:52:47","date_gmt":"2018-04-14T12:52:47","guid":{"rendered":"http:\/\/casadesign.es\/?page_id=3283"},"modified":"2020-10-15T18:08:29","modified_gmt":"2020-10-15T16:08:29","slug":"interior-design","status":"publish","type":"page","link":"https:\/\/casadesign.es\/index.php\/en\/interior-design\/","title":{"rendered":"Comprehensive Reforms"},"content":{"rendered":"<p>[vc_row][vc_column][\/vc_column][\/vc_row][vc_row][vc_column][vc_empty_space][vc_zigzag][vc_column_text]<span id=\"result_box\" class=\"\" lang=\"en\"><span style=\"font-size: 18px;\"><span title=\"Faites vous assister par un de nos architecte d'int\u00e9rieur et d\u00e9corateur dans votre projet d'am\u00e9nagement ou de r\u00e9novation de votre espace commercial, il vous permettra d'anticiper toutes les donn\u00e9es avant de commencer les travaux de faisabilit\u00e9, budget \u00e0 pr\u00e9voir, choix des\">Get assistance from one of our interior designers and decorator in your project of development or renovation of your commercial space, it will allow you to anticipate all the data before starting the feasibility work, budget to predict, choice of <\/span><span title=\"mat\u00e9riaux, des couleurs, du mobilier et des \u00e9quipements \u00e0 travers des \u00e9l\u00e9ments consistant qui feront corps avec votre dossier, ainsi que le suivi et la coordination des travaux d'am\u00e9nagement.\">materials, colors, furniture and equipment through consistent elements that will become part of your record, as well as monitoring and coordinating the development work. <\/span><span title=\"Graphiques, esquisses, plans, rendus 3D. \">Graphics, sketches, plans, 3D renderings.<br \/>\n<\/span><span title=\"Notre connaissance du march\u00e9 nous permettra d'obtenir des devis les plus justes possibles. \">Our knowledge of the market will allow us to obtain the most accurate quotes possible.<\/span><\/span><\/span><\/p>\n<p><span title=\"Vous souhaitez poser une question ou prendre un rendez-vous ?\"><span style=\"font-size: 18px;\">Want to ask a question or make an appointment?<\/span> <\/span><span title=\"N'h\u00e9sitez pas \u00e0 nous \u00e9crire en nous transmettant les informations que vous souhaitez (description du projet, surface, budget) nous vous contacterons dans les meilleurs d\u00e9lais pour discuter avec vous de votre projet d'am\u00e9nagement afin d'\u00eatre parfaitement \u00e0 votre \u00e9coute. \"><span style=\"font-size: 18px;\">Do not hesitate to write us by sending us the information you want (description of the project, surface, budget) we will contact you as soon as possible to discuss with you your development project to be perfectly at your disposal.<\/span><\/span><\/p>\n<p><span id=\"result_box\" class=\"\" lang=\"en\"><span title=\"N'h\u00e9sitez pas \u00e0 nous \u00e9crire en nous transmettant les informations que vous souhaitez (description du projet, surface, budget) nous vous contacterons dans les meilleurs d\u00e9lais pour discuter avec vous de votre projet d'am\u00e9nagement afin d'\u00eatre parfaitement \u00e0 votre \u00e9coute. \"><br \/>\n<\/span><span title=\"Pour adresser une pi\u00e8ce jointe contact@casadesign.es\">To send an attachment contact@casadesign.es<\/span><\/span>[\/vc_column_text][vc_empty_space]<div id=\"twenty20-1\" class=\"twenty20\" style=\"width: 650;\"><div class=\"twentytwenty-container twenty20-1 \"><img class=\"skip-lazy\" src=\"https:\/\/casadesign.es\/wp-content\/uploads\/2020\/10\/3.1.jpg\" \/><img class=\"skip-lazy\" src=\"https:\/\/casadesign.es\/wp-content\/uploads\/2020\/10\/4.jpg\" \/><\/div><script>jQuery(window).load(function(){jQuery(\".twentytwenty-container.twenty20-1[data-orientation!='vertical']\").twentytwenty({default_offset_pct: 0.5});jQuery(\".twenty20-1 .twentytwenty-overlay\").hide();jQuery(\".twenty20-1 .twentytwenty-overlay\").hide();});<\/script><\/div>[vc_zigzag][\/vc_column][\/vc_row][vc_row][vc_column]<div id=\"twenty20-2\" class=\"twenty20\" style=\"width: 650;\"><div class=\"twentytwenty-container twenty20-2 \"><img class=\"skip-lazy\" src=\"https:\/\/casadesign.es\/wp-content\/uploads\/2020\/10\/5.jpg\" \/><img class=\"skip-lazy\" src=\"https:\/\/casadesign.es\/wp-content\/uploads\/2020\/10\/6.jpg\" \/><\/div><script>jQuery(window).load(function(){jQuery(\".twentytwenty-container.twenty20-2[data-orientation!='vertical']\").twentytwenty({default_offset_pct: 0.5});jQuery(\".twenty20-2 .twentytwenty-overlay\").hide();jQuery(\".twenty20-2 .twentytwenty-overlay\").hide();});<\/script><\/div>[vc_zigzag][\/vc_column][\/vc_row]<\/p>\n","protected":false},"excerpt":{"rendered":"<p>[vc_row][vc_column][\/vc_column][\/vc_row][vc_row][vc_column][vc_empty_space][vc_zigzag][vc_column_text]Get assistance from one of our interior designers and decorator in your project of development or renovation of your commercial space, it will allow you to anticipate all the data before starting the feasibility work, budget to predict, choice of materials, colors, furniture and equipment through consistent elements that will become part of your record, [&hellip;]<\/p>\n","protected":false},"author":1,"featured_media":3156,"parent":0,"menu_order":0,"comment_status":"closed","ping_status":"closed","template":"","meta":[],"_links":{"self":[{"href":"https:\/\/casadesign.es\/index.php\/wp-json\/wp\/v2\/pages\/3283"}],"collection":[{"href":"https:\/\/casadesign.es\/index.php\/wp-json\/wp\/v2\/pages"}],"about":[{"href":"https:\/\/casadesign.es\/index.php\/wp-json\/wp\/v2\/types\/page"}],"author":[{"embeddable":true,"href":"https:\/\/casadesign.es\/index.php\/wp-json\/wp\/v2\/users\/1"}],"replies":[{"embeddable":true,"href":"https:\/\/casadesign.es\/index.php\/wp-json\/wp\/v2\/comments?post=3283"}],"version-history":[{"count":8,"href":"https:\/\/casadesign.es\/index.php\/wp-json\/wp\/v2\/pages\/3283\/revisions"}],"predecessor-version":[{"id":3650,"href":"https:\/\/casadesign.es\/index.php\/wp-json\/wp\/v2\/pages\/3283\/revisions\/3650"}],"wp:featuredmedia":[{"embeddable":true,"href":"https:\/\/casadesign.es\/index.php\/wp-json\/wp\/v2\/media\/3156"}],"wp:attachment":[{"href":"https:\/\/casadesign.es\/index.php\/wp-json\/wp\/v2\/media?parent=3283"}],"curies":[{"name":"wp","href":"https:\/\/api.w.org\/{rel}","templated":true}]}}