{"id":3266,"date":"2018-04-14T14:43:18","date_gmt":"2018-04-14T12:43:18","guid":{"rendered":"http:\/\/casadesign.es\/?page_id=3266"},"modified":"2020-10-15T09:51:26","modified_gmt":"2020-10-15T07:51:26","slug":"planificacion-del-area-profesional","status":"publish","type":"page","link":"https:\/\/casadesign.es\/index.php\/planificacion-del-area-profesional\/","title":{"rendered":"PLANIFICACI\u00d3N DEL \u00c1REA PROFESIONAL"},"content":{"rendered":"<p>[vc_row][vc_column][\/vc_column][\/vc_row][vc_row][vc_column][vc_empty_space][vc_zigzag][vc_column_text]<span style=\"font-size: 18px;\">Obtenga asistencia de uno de nuestros dise\u00f1adores de interiores y decoradores en su proyecto de desarrollo o renovaci\u00f3n de su espacio comercial, le permitir\u00e1 anticipar todos los datos antes de comenzar el trabajo de factibilidad, presupuesto para predecidir, elecci\u00f3n de materiales, colores, muebles y equipos a trav\u00e9s de elementos consistentes que se convertir\u00e1n en parte de su dossier, as\u00ed como el monitoreo y la coordinaci\u00f3n del trabajo y del desarrollo de su proyecto. Gr\u00e1ficos, bocetos, planos, representaciones 3D.<\/span><br \/>\n<span style=\"font-size: 18px;\">Nuestro conocimiento del mercado nos permitir\u00e1 obtenerle las cotizaciones las m\u00e1s precisas posibles.<\/span><\/p>\n<p><span style=\"font-size: 18px;\">\u00bfQuieres hacer una pregunta o hacer una cita? No dude en escribirnos envi\u00e1ndonos la informaci\u00f3n que desee (descripci\u00f3n del proyecto, superficie, presupuesto) nos pondremos en contacto lo antes posible para hablar con usted de su proyecto y de estar perfectamente a su disposici\u00f3n.<\/span><\/p>\n<p>Para enviar un archivo adjunto contact@casadesign.com[\/vc_column_text][vc_empty_space][\/vc_column][\/vc_row][vc_row][vc_column][vc_masonry_media_grid grid_id=\u00a0\u00bbvc_gid:1602747904462-173a3d3e518a35b80a5847040551d6a5-3&Prime; include=\u00a0\u00bb3414,3416,3413&Prime;][vc_zigzag][vc_masonry_media_grid grid_id=\u00a0\u00bbvc_gid:1602747904654-8f22cab9ea24ff8e72abcaf34387ad3f-0&Prime; include=\u00a0\u00bb3420,3419,3418&Prime;][vc_zigzag][vc_masonry_media_grid grid_id=\u00a0\u00bbvc_gid:1602747904828-c188eeb18cd072be24e90d855f912220-3&Prime; include=\u00a0\u00bb3426,3424,3425&Prime;][vc_zigzag][vc_masonry_media_grid grid_id=\u00a0\u00bbvc_gid:1602747905070-b882a5af793213118a569af7f08fb38a-7&Prime; include=\u00a0\u00bb3422,3421,3423&Prime;][vc_zigzag][vc_masonry_media_grid grid_id=\u00a0\u00bbvc_gid:1602747944700-33798ced-05e4-0&Prime; include=\u00a0\u00bb3570,3571,3572&Prime;][vc_zigzag][vc_masonry_media_grid grid_id=\u00a0\u00bbvc_gid:1602748067756-35f23d98-2e33-2&Prime; include=\u00a0\u00bb3574,3575,3576&Prime;][vc_zigzag][\/vc_column][\/vc_row]<\/p>\n","protected":false},"excerpt":{"rendered":"<p>[vc_row][vc_column][\/vc_column][\/vc_row][vc_row][vc_column][vc_empty_space][vc_zigzag][vc_column_text]Obtenga asistencia de uno de nuestros dise\u00f1adores de interiores y decoradores en su proyecto de desarrollo o renovaci\u00f3n de su espacio comercial, le permitir\u00e1 anticipar todos los datos antes de comenzar el trabajo de factibilidad, presupuesto para predecidir, elecci\u00f3n de materiales, colores, muebles y equipos a trav\u00e9s de elementos consistentes que se convertir\u00e1n en parte [&hellip;]<\/p>\n","protected":false},"author":1,"featured_media":3156,"parent":0,"menu_order":0,"comment_status":"closed","ping_status":"closed","template":"","meta":[],"_links":{"self":[{"href":"https:\/\/casadesign.es\/index.php\/wp-json\/wp\/v2\/pages\/3266"}],"collection":[{"href":"https:\/\/casadesign.es\/index.php\/wp-json\/wp\/v2\/pages"}],"about":[{"href":"https:\/\/casadesign.es\/index.php\/wp-json\/wp\/v2\/types\/page"}],"author":[{"embeddable":true,"href":"https:\/\/casadesign.es\/index.php\/wp-json\/wp\/v2\/users\/1"}],"replies":[{"embeddable":true,"href":"https:\/\/casadesign.es\/index.php\/wp-json\/wp\/v2\/comments?post=3266"}],"version-history":[{"count":5,"href":"https:\/\/casadesign.es\/index.php\/wp-json\/wp\/v2\/pages\/3266\/revisions"}],"predecessor-version":[{"id":3577,"href":"https:\/\/casadesign.es\/index.php\/wp-json\/wp\/v2\/pages\/3266\/revisions\/3577"}],"wp:featuredmedia":[{"embeddable":true,"href":"https:\/\/casadesign.es\/index.php\/wp-json\/wp\/v2\/media\/3156"}],"wp:attachment":[{"href":"https:\/\/casadesign.es\/index.php\/wp-json\/wp\/v2\/media?parent=3266"}],"curies":[{"name":"wp","href":"https:\/\/api.w.org\/{rel}","templated":true}]}}