{"id":3264,"date":"2018-04-14T14:42:29","date_gmt":"2018-04-14T12:42:29","guid":{"rendered":"http:\/\/casadesign.es\/?page_id=3264"},"modified":"2020-10-15T13:30:27","modified_gmt":"2020-10-15T11:30:27","slug":"home-es-2","status":"publish","type":"page","link":"https:\/\/casadesign.es\/","title":{"rendered":"Home ES"},"content":{"rendered":"<p>[vc_row][vc_column]        <header class=\"tz-header tz-header-type-2\">\r\n                    <div class=\"tz-headerTop\">\r\n                <div class=\"container\">\r\n                    <div class=\"tz-headerTop-box\">\r\n                        <div class=\"tz-headerLeft pull-left\">\r\n                            <div class=\"tzheader_support\">\r\n                                                                \r\n                                                                    <div class=\"tzheader_site\">\r\n                                        <i class=\"fa fa-envelope-o\"><\/i>\r\n                                        contact@casadesign.es                                    <\/div>\r\n                                                            <\/div>\r\n                        <\/div>\r\n\r\n                        <div class=\"tz-headerRight pull-right\">\r\n                            <ul class=\"tzheader_social\">\r\n                                                                    <li>\r\n                                        <a href=\"https:\/\/www.facebook.com\/Casa-Design-Habitat-1921195824759176\/\"><i class=\"fa fa-facebook\"><\/i><\/a>\r\n                                    <\/li>\r\n                                                                                                                                                                                                                                                                                                                                                            <\/ul>\r\n                        <\/div>\r\n                    <\/div>\r\n                <\/div><!--end class container-->\r\n            <\/div>\r\n            \r\n        \r\n            <div class=\"tz-headerBottom tz-max-mega-menu\">\r\n                <div class=\"container\">\r\n                    <a class=\"pull-left tz_logo\" href=\"https:\/\/casadesign.es\" title=\"Casa Design Habitat\" >\r\n                        <img class=\"logo_lager\" width =\"811\" height =\"79\" src=\"https:\/\/casadesign.es\/wp-content\/uploads\/2015\/12\/small_header-3.png\" alt=\"Casa Design Habitat\" \/>                    <\/a>\r\n                                        <div class=\"tz-header-search pull-right\">\r\n                        <span aria-hidden='true' class='icon_search tz_icon_search'><\/span>\r\n                        <span aria-hidden='true' class='icon_close tz_icon_close'><\/span>\r\n                        <div class=\"tz-header-search-form\">\r\n                                <form method=\"get\" class=\"searchform\" action=\"https:\/\/casadesign.es\/\">\n        <label class=\"icon-search\">&nbsp;<\/label>\n        <label class=\"assistive-text assistive-tzsearch\">Search<\/label>\n        <input type=\"text\" class=\"field Tzsearchform inputbox search-query\" name=\"s\" placeholder=\"Search...\" \/>\n        <input type=\"submit\" class=\"submit searchsubmit\" name=\"submit\" value=\"Search\" \/>\n        <span aria-hidden='true' class='icon_search'><\/span>\n    <\/form>\n                        <\/div>\r\n                    <\/div>\r\n                    <button type=\"button\" class=\"navbar-toggle collapsed\" data-toggle=\"collapse\" data-target=\"#tz-navbar-collapse\">\r\n                        <i class=\"fa fa-bars\"><\/i>\r\n                    <\/button>\r\n                    <nav class=\"pull-right\">\r\n                        <div id=\"mega-menu-wrap-primary\" class=\"mega-menu-wrap\"><div class=\"mega-menu-toggle\"><div class=\"mega-toggle-blocks-left\"><\/div><div class=\"mega-toggle-blocks-center\"><\/div><div class=\"mega-toggle-blocks-right\"><div class='mega-toggle-block mega-menu-toggle-block mega-toggle-block-1' id='mega-toggle-block-1' tabindex='0'><span class='mega-toggle-label' role='button' aria-expanded='false'><span class='mega-toggle-label-closed'>MENU<\/span><span class='mega-toggle-label-open'>MENU<\/span><\/span><\/div><\/div><\/div><ul id=\"mega-menu-primary\" class=\"mega-menu max-mega-menu mega-menu-horizontal mega-no-js\" data-event=\"hover_intent\" data-effect=\"fade\" data-effect-speed=\"200\" data-effect-mobile=\"disabled\" data-effect-speed-mobile=\"0\" data-panel-width=\".container\" data-mobile-force-width=\"false\" data-second-click=\"close\" data-document-click=\"collapse\" data-vertical-behaviour=\"standard\" data-breakpoint=\"992\" data-unbind=\"true\" data-hover-intent-timeout=\"300\" data-hover-intent-interval=\"100\"><li class='mega-menu-item mega-menu-item-type-post_type mega-menu-item-object-page mega-align-bottom-left mega-menu-flyout mega-menu-item-3319' id='mega-menu-item-3319'><a class=\"mega-menu-link\" href=\"https:\/\/casadesign.es\/index.php\/reformas-integrales\/\" tabindex=\"0\">REFORMAS INTEGRALES<\/a><\/li><li class='mega-menu-item mega-menu-item-type-post_type mega-menu-item-object-page mega-align-bottom-left mega-menu-flyout mega-menu-item-3320' id='mega-menu-item-3320'><a class=\"mega-menu-link\" href=\"https:\/\/casadesign.es\/index.php\/planificacion-del-area-profesional\/\" tabindex=\"0\">PLANIFICACI\u00d3N DEL \u00c1REA PROFESIONAL<\/a><\/li><li class='mega-menu-item mega-menu-item-type-post_type mega-menu-item-object-page mega-align-bottom-left mega-menu-flyout mega-menu-item-3321' id='mega-menu-item-3321'><a class=\"mega-menu-link\" href=\"https:\/\/casadesign.es\/index.php\/cocinas\/\" tabindex=\"0\">COCINAS<\/a><\/li><li class='mega-menu-item mega-menu-item-type-post_type mega-menu-item-object-page mega-align-bottom-left mega-menu-flyout mega-menu-item-3322' id='mega-menu-item-3322'><a class=\"mega-menu-link\" href=\"https:\/\/casadesign.es\/index.php\/creacion-de-muebles\/\" tabindex=\"0\">CREACI\u00d3N DE MUEBLES<\/a><\/li><li class='mega-menu-item mega-menu-item-type-post_type mega-menu-item-object-page mega-align-bottom-left mega-menu-flyout mega-menu-item-3323' id='mega-menu-item-3323'><a class=\"mega-menu-link\" href=\"https:\/\/casadesign.es\/index.php\/cuarto-de-bano-i-dressing\/\" tabindex=\"0\">CUARTO DE BA\u00d1O I DRESSING<\/a><\/li><li class='mega-menu-item mega-menu-item-type-custom mega-menu-item-object-custom mega-align-bottom-left mega-menu-flyout mega-menu-item-3324' id='mega-menu-item-3324'><a class=\"mega-menu-link\" href=\"#pll_switcher\" tabindex=\"0\">Liste des langues<\/a><\/li><\/ul><\/div>                    <\/nav>\r\n                <\/div><!--end class container-->\r\n            <\/div>\r\n        <\/header>\r\n        [\/vc_column][\/vc_row][vc_row][vc_column][vc_column_text]\n<div id=\"rev_slider_2_1_wrapper\" class=\"rev_slider_wrapper fullwidthbanner-container\" data-source=\"gallery\" style=\"margin:0px auto;background:transparent;padding:0px;margin-top:0px;margin-bottom:0px;\">\n<!-- START REVOLUTION SLIDER 5.4.1 auto mode -->\n\t<div id=\"rev_slider_2_1\" class=\"rev_slider fullwidthabanner\" style=\"display:none;\" data-version=\"5.4.1\">\n<ul>\t<!-- SLIDE  -->\n\t<li data-index=\"rs-6\" data-transition=\"fade\" data-slotamount=\"default\" data-hideafterloop=\"0\" data-hideslideonmobile=\"off\"  data-easein=\"default\" data-easeout=\"default\" data-masterspeed=\"300\"  data-thumb=\"https:\/\/casadesign.es\/wp-content\/uploads\/2015\/12\/slidea-100x50.jpg\"  data-rotate=\"0\"  data-saveperformance=\"off\"  data-title=\"Slide\" data-param1=\"\" data-param2=\"\" data-param3=\"\" data-param4=\"\" data-param5=\"\" data-param6=\"\" data-param7=\"\" data-param8=\"\" data-param9=\"\" data-param10=\"\" data-description=\"\">\n\t\t<!-- MAIN IMAGE -->\n\t\t<img src=\"https:\/\/casadesign.es\/wp-content\/uploads\/2015\/12\/slidea.jpg\"  alt=\"\" title=\"slidea\"  width=\"1260\" height=\"420\" data-bgposition=\"center center\" data-bgfit=\"cover\" data-bgrepeat=\"no-repeat\" data-bgparallax=\"off\" class=\"rev-slidebg\" data-no-retina>\n\t\t<!-- LAYERS -->\n\t<\/li>\n\t<!-- SLIDE  -->\n\t<li data-index=\"rs-7\" data-transition=\"fade\" data-slotamount=\"default\" data-hideafterloop=\"0\" data-hideslideonmobile=\"off\"  data-easein=\"default\" data-easeout=\"default\" data-masterspeed=\"300\"  data-thumb=\"https:\/\/casadesign.es\/wp-content\/uploads\/2015\/12\/slide2-100x50.jpg\"  data-rotate=\"0\"  data-saveperformance=\"off\"  data-title=\"Slide\" data-param1=\"\" data-param2=\"\" data-param3=\"\" data-param4=\"\" data-param5=\"\" data-param6=\"\" data-param7=\"\" data-param8=\"\" data-param9=\"\" data-param10=\"\" data-description=\"\">\n\t\t<!-- MAIN IMAGE -->\n\t\t<img src=\"https:\/\/casadesign.es\/wp-content\/uploads\/2015\/12\/slide2.jpg\"  alt=\"\" title=\"slide2\"  width=\"1260\" height=\"420\" data-bgposition=\"center center\" data-bgfit=\"cover\" data-bgrepeat=\"no-repeat\" data-bgparallax=\"off\" class=\"rev-slidebg\" data-no-retina>\n\t\t<!-- LAYERS -->\n\t<\/li>\n\t<!-- SLIDE  -->\n\t<li data-index=\"rs-8\" data-transition=\"fade\" data-slotamount=\"default\" data-hideafterloop=\"0\" data-hideslideonmobile=\"off\"  data-easein=\"default\" data-easeout=\"default\" data-masterspeed=\"300\"  data-thumb=\"https:\/\/casadesign.es\/wp-content\/uploads\/2015\/12\/slides1-100x50.jpg\"  data-rotate=\"0\"  data-saveperformance=\"off\"  data-title=\"Slide\" data-param1=\"\" data-param2=\"\" data-param3=\"\" data-param4=\"\" data-param5=\"\" data-param6=\"\" data-param7=\"\" data-param8=\"\" data-param9=\"\" data-param10=\"\" data-description=\"\">\n\t\t<!-- MAIN IMAGE -->\n\t\t<img src=\"https:\/\/casadesign.es\/wp-content\/uploads\/2015\/12\/slides1.jpg\"  alt=\"\" title=\"slides1\"  width=\"1260\" height=\"420\" data-bgposition=\"center center\" data-bgfit=\"cover\" data-bgrepeat=\"no-repeat\" data-bgparallax=\"off\" class=\"rev-slidebg\" data-no-retina>\n\t\t<!-- LAYERS -->\n\t<\/li>\n<\/ul>\n<script>var htmlDiv = document.getElementById(\"rs-plugin-settings-inline-css\"); var htmlDivCss=\"\";\r\n\t\t\t\t\t\tif(htmlDiv) {\r\n\t\t\t\t\t\t\thtmlDiv.innerHTML = htmlDiv.innerHTML + htmlDivCss;\r\n\t\t\t\t\t\t}else{\r\n\t\t\t\t\t\t\tvar htmlDiv = document.createElement(\"div\");\r\n\t\t\t\t\t\t\thtmlDiv.innerHTML = \"<style>\" + htmlDivCss + \"<\/style>\";\r\n\t\t\t\t\t\t\tdocument.getElementsByTagName(\"head\")[0].appendChild(htmlDiv.childNodes[0]);\r\n\t\t\t\t\t\t}\r\n\t\t\t\t\t<\/script>\n<div class=\"tp-bannertimer\" style=\"height: 5px; background: rgba(0,0,0,0.15);\"><\/div>\t<\/div>\n<script>var htmlDiv = document.getElementById(\"rs-plugin-settings-inline-css\"); var htmlDivCss=\"\";\r\n\t\t\t\tif(htmlDiv) {\r\n\t\t\t\t\thtmlDiv.innerHTML = htmlDiv.innerHTML + htmlDivCss;\r\n\t\t\t\t}else{\r\n\t\t\t\t\tvar htmlDiv = document.createElement(\"div\");\r\n\t\t\t\t\thtmlDiv.innerHTML = \"<style>\" + htmlDivCss + \"<\/style>\";\r\n\t\t\t\t\tdocument.getElementsByTagName(\"head\")[0].appendChild(htmlDiv.childNodes[0]);\r\n\t\t\t\t}\r\n\t\t\t<\/script>\n\t\t<script type=\"text\/javascript\">\r\n\t\t\t\t\t\t\/******************************************\r\n\t\t\t\t-\tPREPARE PLACEHOLDER FOR SLIDER\t-\r\n\t\t\t******************************************\/\r\n\r\n\t\t\tvar setREVStartSize=function(){\r\n\t\t\t\ttry{var e=new Object,i=jQuery(window).width(),t=9999,r=0,n=0,l=0,f=0,s=0,h=0;\r\n\t\t\t\t\te.c = jQuery('#rev_slider_2_1');\r\n\t\t\t\t\te.responsiveLevels = [1240,1024,778,480];\r\n\t\t\t\t\te.gridwidth = [1240,1024,778,480];\r\n\t\t\t\t\te.gridheight = [250,768,960,720];\r\n\t\t\t\t\t\t\t\r\n\t\t\t\t\te.sliderLayout = \"auto\";\r\n\t\t\t\t\tif(e.responsiveLevels&&(jQuery.each(e.responsiveLevels,function(e,f){f>i&&(t=r=f,l=e),i>f&&f>r&&(r=f,n=e)}),t>r&&(l=n)),f=e.gridheight[l]||e.gridheight[0]||e.gridheight,s=e.gridwidth[l]||e.gridwidth[0]||e.gridwidth,h=i\/s,h=h>1?1:h,f=Math.round(h*f),\"fullscreen\"==e.sliderLayout){var u=(e.c.width(),jQuery(window).height());if(void 0!=e.fullScreenOffsetContainer){var c=e.fullScreenOffsetContainer.split(\",\");if (c) jQuery.each(c,function(e,i){u=jQuery(i).length>0?u-jQuery(i).outerHeight(!0):u}),e.fullScreenOffset.split(\"%\").length>1&&void 0!=e.fullScreenOffset&&e.fullScreenOffset.length>0?u-=jQuery(window).height()*parseInt(e.fullScreenOffset,0)\/100:void 0!=e.fullScreenOffset&&e.fullScreenOffset.length>0&&(u-=parseInt(e.fullScreenOffset,0))}f=u}else void 0!=e.minHeight&&f<e.minHeight&&(f=e.minHeight);e.c.closest(\".rev_slider_wrapper\").css({height:f})\r\n\t\t\t\t\t\r\n\t\t\t\t}catch(d){console.log(\"Failure at Presize of Slider:\"+d)}\r\n\t\t\t};\r\n\t\t\t\r\n\t\t\tsetREVStartSize();\r\n\t\t\t\r\n\t\t\t\t\t\tvar tpj=jQuery;\r\n\t\t\t\r\n\t\t\tvar revapi2;\r\n\t\t\ttpj(document).ready(function() {\n\t\t\t\tif(tpj(\"#rev_slider_2_1\").revolution == undefined){\n\t\t\t\t\trevslider_showDoubleJqueryError(\"#rev_slider_2_1\");\n\t\t\t\t}else{\n\t\t\t\t\trevapi2 = tpj(\"#rev_slider_2_1\").show().revolution({\n\t\t\t\t\t\tsliderType:\"standard\",\njsFileLocation:\"\/\/casadesign.es\/wp-content\/plugins\/revslider\/public\/assets\/js\/\",\n\t\t\t\t\t\tsliderLayout:\"auto\",\n\t\t\t\t\t\tdottedOverlay:\"none\",\n\t\t\t\t\t\tdelay:9000,\n\t\t\t\t\t\tnavigation: {\n\t\t\t\t\t\t\tkeyboardNavigation:\"off\",\n\t\t\t\t\t\t\tkeyboard_direction: \"horizontal\",\n\t\t\t\t\t\t\tmouseScrollNavigation:\"off\",\n \t\t\t\t\t\t\tmouseScrollReverse:\"default\",\n\t\t\t\t\t\t\tonHoverStop:\"on\",\n\t\t\t\t\t\t\ttouch:{\n\t\t\t\t\t\t\t\ttouchenabled:\"on\",\n\t\t\t\t\t\t\t\ttouchOnDesktop:\"off\",\n\t\t\t\t\t\t\t\tswipe_threshold: 75,\n\t\t\t\t\t\t\t\tswipe_min_touches: 50,\n\t\t\t\t\t\t\t\tswipe_direction: \"horizontal\",\n\t\t\t\t\t\t\t\tdrag_block_vertical: false\n\t\t\t\t\t\t\t}\n\t\t\t\t\t\t\t,\n\t\t\t\t\t\t\tarrows: {\n\t\t\t\t\t\t\t\tstyle:\"hesperiden\",\n\t\t\t\t\t\t\t\tenable:true,\n\t\t\t\t\t\t\t\thide_onmobile:true,\n\t\t\t\t\t\t\t\thide_under:600,\n\t\t\t\t\t\t\t\thide_onleave:true,\n\t\t\t\t\t\t\t\thide_delay:200,\n\t\t\t\t\t\t\t\thide_delay_mobile:1200,\n\t\t\t\t\t\t\t\ttmp:'',\n\t\t\t\t\t\t\t\tleft: {\n\t\t\t\t\t\t\t\t\th_align:\"left\",\n\t\t\t\t\t\t\t\t\tv_align:\"center\",\n\t\t\t\t\t\t\t\t\th_offset:30,\n\t\t\t\t\t\t\t\t\tv_offset:0\n\t\t\t\t\t\t\t\t},\n\t\t\t\t\t\t\t\tright: {\n\t\t\t\t\t\t\t\t\th_align:\"right\",\n\t\t\t\t\t\t\t\t\tv_align:\"center\",\n\t\t\t\t\t\t\t\t\th_offset:30,\n\t\t\t\t\t\t\t\t\tv_offset:0\n\t\t\t\t\t\t\t\t}\n\t\t\t\t\t\t\t}\n\t\t\t\t\t\t},\n\t\t\t\t\t\tresponsiveLevels:[1240,1024,778,480],\n\t\t\t\t\t\tvisibilityLevels:[1240,1024,778,480],\n\t\t\t\t\t\tgridwidth:[1240,1024,778,480],\n\t\t\t\t\t\tgridheight:[250,768,960,720],\n\t\t\t\t\t\tlazyType:\"none\",\n\t\t\t\t\t\tparallax: {\n\t\t\t\t\t\t\ttype:\"mouse\",\n\t\t\t\t\t\t\torigo:\"slidercenter\",\n\t\t\t\t\t\t\tspeed:2000,\n\t\t\t\t\t\t\tlevels:[2,3,4,5,6,7,12,16,10,50,47,48,49,50,51,55],\n\t\t\t\t\t\t},\n\t\t\t\t\t\tshadow:0,\n\t\t\t\t\t\tspinner:\"off\",\n\t\t\t\t\t\tstopLoop:\"off\",\n\t\t\t\t\t\tstopAfterLoops:-1,\n\t\t\t\t\t\tstopAtSlide:-1,\n\t\t\t\t\t\tshuffle:\"off\",\n\t\t\t\t\t\tautoHeight:\"off\",\n\t\t\t\t\t\thideThumbsOnMobile:\"off\",\n\t\t\t\t\t\thideSliderAtLimit:0,\n\t\t\t\t\t\thideCaptionAtLimit:0,\n\t\t\t\t\t\thideAllCaptionAtLilmit:0,\n\t\t\t\t\t\tdebugMode:false,\n\t\t\t\t\t\tfallbacks: {\n\t\t\t\t\t\t\tsimplifyAll:\"off\",\n\t\t\t\t\t\t\tnextSlideOnWindowFocus:\"off\",\n\t\t\t\t\t\t\tdisableFocusListener:false,\n\t\t\t\t\t\t}\n\t\t\t\t\t});\n\t\t\t\t}\n\t\t\t});\t\/*ready*\/\n\t\t<\/script>\r\n\t\t<script>\r\n\t\t\t\t\tvar htmlDivCss = unescape(\".hesperiden.tparrows%20%7B%0A%09cursor%3Apointer%3B%0A%09background%3Argba%280%2C0%2C0%2C0.5%29%3B%0A%09width%3A40px%3B%0A%09height%3A40px%3B%0A%09position%3Aabsolute%3B%0A%09display%3Ablock%3B%0A%09z-index%3A100%3B%0A%20%20%20%20border-radius%3A%2050%25%3B%0A%7D%0A.hesperiden.tparrows%3Ahover%20%7B%0A%09background%3Argba%280%2C%200%2C%200%2C%201%29%3B%0A%7D%0A.hesperiden.tparrows%3Abefore%20%7B%0A%09font-family%3A%20%22revicons%22%3B%0A%09font-size%3A20px%3B%0A%09color%3Argb%28255%2C%20255%2C%20255%29%3B%0A%09display%3Ablock%3B%0A%09line-height%3A%2040px%3B%0A%09text-align%3A%20center%3B%0A%7D%0A.hesperiden.tparrows.tp-leftarrow%3Abefore%20%7B%0A%09content%3A%20%22%5Ce82c%22%3B%0A%20%20%20%20margin-left%3A-3px%3B%0A%7D%0A.hesperiden.tparrows.tp-rightarrow%3Abefore%20%7B%0A%09content%3A%20%22%5Ce82d%22%3B%0A%20%20%20%20margin-right%3A-3px%3B%0A%7D%0A\");\r\n\t\t\t\t\tvar htmlDiv = document.getElementById('rs-plugin-settings-inline-css');\r\n\t\t\t\t\tif(htmlDiv) {\r\n\t\t\t\t\t\thtmlDiv.innerHTML = htmlDiv.innerHTML + htmlDivCss;\r\n\t\t\t\t\t}\r\n\t\t\t\t\telse{\r\n\t\t\t\t\t\tvar htmlDiv = document.createElement('div');\r\n\t\t\t\t\t\thtmlDiv.innerHTML = '<style>' + htmlDivCss + '<\/style>';\r\n\t\t\t\t\t\tdocument.getElementsByTagName('head')[0].appendChild(htmlDiv.childNodes[0]);\r\n\t\t\t\t\t}\r\n\t\t\t\t  <\/script>\r\n\t\t\t\t<\/div><!-- END REVOLUTION SLIDER -->[\/vc_column_text][\/vc_column][\/vc_row][vc_row tz_row_type=\u00a0\u00bbgrid\u00a0\u00bb tz_ruler=\u00a0\u00bb1&Prime; css=\u00a0\u00bb.vc_custom_1454662698298{padding-top: 75px !important;padding-bottom: 63px !important;}\u00a0\u00bb][vc_column][vc_column_text]<\/p>\n<p style=\"text-align: left;\"><span style=\"font-size: 18px;\"><span id=\"result_box\" class=\"\" lang=\"es\">Especializado en la planificaci\u00f3n y la creaci\u00f3n de espacios, Casa Design Habitat se compromete a aportarle soluciones innovadoras para satisfacer sus deseos. Desde el consejo en decoraci\u00f3n hasta el seguimiento completo de su proyecto, estaremos a su servicio para que sus ideas encuentren vida y sensibilidad.<\/span><\/span><\/p>\n<p style=\"text-align: left;\"><span style=\"font-size: 18px;\"><span id=\"result_box\" class=\"\" lang=\"es\">Le acompa\u00f1ara en la realizaci\u00f3n de su proyecto, gracias a nuestros decoradores y dise\u00f1adores, le invitamos a que vengan a conocernos y a descubrir nuestro showroom en Roses. <\/span><\/span><\/p>\n<p style=\"text-align: left;\"><span style=\"font-size: 18px;\"><span id=\"result_box\" class=\"\" lang=\"es\">\u00bfTiene alguna pregunta o quiere planificar una cita? <span class=\"\">No dude en escribirnos transmitiendo la informaci\u00f3n que desean (descripci\u00f3n del proyecto, superficie, presupuesto) nos pondremos en contacto lo antes posible para hablar con usted de su proyecto y para estar a su disposici\u00f3n<\/span> . <\/span><\/span><\/p>\n<p style=\"text-align: left;\"><span style=\"font-size: 18px;\"><span id=\"result_box\" class=\"\" lang=\"es\">Para enviar un archivo adjunto contact@casadesign.es<\/span><\/span><\/p>\n<p>[\/vc_column_text][vc_empty_space][vc_images_carousel images=\u00a0\u00bb3532,3533,3531&Prime; img_size=\u00a0\u00bbfull\u00a0\u00bb autoplay=\u00a0\u00bbyes\u00a0\u00bb wrap=\u00a0\u00bbyes\u00a0\u00bb][\/vc_column][\/vc_row][vc_row tz_row_type=\u00a0\u00bbgrid\u00a0\u00bb][vc_column][category_grid][category_grid_item tz_icon=\u00a0\u00bb8&Prime; tz_title=\u00a0\u00bbCuisine \/ Kitchen \/ Cocina\u00a0\u00bb tz_subtitle=\u00a0\u00bbComposition\u00a0\u00bb tz_description=\u00a0\u00bbCuisine sur mesure \/ Cocina a medida \/ Custom kitchen\u00a0\u00bb tz_option_link=\u00a0\u00bbcustom-link\u00a0\u00bb tz_custom_link=\u00a0\u00bbhttp:\/\/casadesign.es\/index.php\/cuisines\/\u00a0\u00bb tz_image=\u00a0\u00bb2750&Prime;][category_grid_item tz_icon=\u00a0\u00bbY\u00a0\u00bb tz_title=\u00a0\u00bbSalle de bain \/ Bathroom \/ Cuarto de ba\u00f1o\u00a0\u00bb tz_subtitle=\u00a0\u00bbAgencement\u00a0\u00bb tz_description=\u00a0\u00bbSalle de bain \/ Bathroom \/ Cuarto de ba\u00f1o\u00a0\u00bb tz_option_link=\u00a0\u00bbcustom-link\u00a0\u00bb tz_custom_link=\u00a0\u00bbhttp:\/\/casadesign.es\/index.php\/salle-de-bain\/\u00a0\u00bb tz_image=\u00a0\u00bb2746&Prime;][category_grid_item tz_font_icon=\u00a0\u00bbawesome\u00a0\u00bb tz_icon=\u00a0\u00bbfa-pencil\u00a0\u00bb tz_title=\u00a0\u00bbCr\u00e9ation de meubles \/ Creaci\u00f3n de muebles \/ Furniture creation\u00a0\u00bb tz_subtitle=\u00a0\u00bbMobiliers \/ Furniture \/ Muebles\u00a0\u00bb tz_description=\u00a0\u00bbCr\u00e9ation de mobiliers uniques \/ Creation of unique furniture\u00a0\u00bb tz_option_link=\u00a0\u00bbcustom-link\u00a0\u00bb tz_custom_link=\u00a0\u00bbhttp:\/\/casadesign.es\/index.php\/sur-mesure\/\u00a0\u00bb tz_image=\u00a0\u00bb3053&Prime;][category_grid_item tz_font_icon=\u00a0\u00bbawesome\u00a0\u00bb tz_icon=\u00a0\u00bbfa-handshake-o\u00a0\u00bb tz_title=\u00a0\u00bbREFORMES\u00a0\u00bb tz_subtitle=\u00a0\u00bbReformes \/ Reforms \/ Reformas\u00a0\u00bb tz_description=\u00a0\u00bbcr\u00e9ation et projet de r\u00e9novation cl\u00e9 en main \/ Creation and renovation project \u00a0\u00bb tz_option_link=\u00a0\u00bbcustom-link\u00a0\u00bb tz_custom_link=\u00a0\u00bbhttp:\/\/casadesign.es\/index.php\/reformes-integrales\/ \u00a0\u00bb tz_image=\u00a0\u00bb2747&Prime;][category_grid_item tz_font_icon=\u00a0\u00bbawesome\u00a0\u00bb tz_icon=\u00a0\u00bbfa-handshake-o\u00a0\u00bb tz_title=\u00a0\u00bbAm\u00e9nagement \/ Planning \/ Planificaci\u00f3n\u00a0\u00bb tz_subtitle=\u00a0\u00bbEspace professionnel \/ Area profesional \/ Professionnal work place\u00a0\u00bb tz_description=\u00a0\u00bbAm\u00e9nagement d&rsquo;espace \/ Planificaci\u00f3n del espacio \/ Space planning\u00a0\u00bb tz_option_link=\u00a0\u00bbcustom-link\u00a0\u00bb tz_custom_link=\u00a0\u00bbhttp:\/\/casadesign.es\/index.php\/amenagement\/\u00a0\u00bb tz_image=\u00a0\u00bb3055&Prime;][\/category_grid][\/vc_column][\/vc_row][vc_row][vc_column][vc_empty_space][vc_zigzag][vc_row_inner][vc_column_inner width=\u00a0\u00bb1\/4&Prime;][\/vc_column_inner][vc_column_inner width=\u00a0\u00bb1\/2&Prime;][\/vc_column_inner][vc_column_inner width=\u00a0\u00bb1\/4&Prime;][\/vc_column_inner][\/vc_row_inner][vc_row_inner][vc_column_inner width=\u00a0\u00bb1\/2&Prime;][vc_gmaps link=\u00a0\u00bb#E-8_JTNDaWZyYW1lJTIwc3JjJTNEJTIyaHR0cHMlM0ElMkYlMkZ3d3cuZ29vZ2xlLmNvbSUyRm1hcHMlMkZlbWJlZCUzRnBiJTNEJTIxMW0xOCUyMTFtMTIlMjExbTMlMjExZDI5NTIuMzMwMjYxNDU3MjY4NSUyMTJkMy4xMzUyMzY3MTU3NTExMTgzJTIxM2Q0Mi4yNzE0NzI5NzkxOTI5MzYlMjEybTMlMjExZjAlMjEyZjAlMjEzZjAlMjEzbTIlMjExaTEwMjQlMjEyaTc2OCUyMTRmMTMuMSUyMTNtMyUyMTFtMiUyMTFzMHgxMmJhNjE4MDAyYTE3MWRiJTI1M0EweGViNjQ4YTk1NDRiMTk5NzAlMjEyc0NBU0ElMkJERVNJR04lMkJIQUJJVEFUJTIxNWUwJTIxM20yJTIxMXNmciUyMTJzZnIlMjE0djE1MDM1OTU0Njc3NTclMjIlMjB3aWR0aCUzRCUyMjYwMCUyMiUyMGhlaWdodCUzRCUyMjQ1MCUyMiUyMGZyYW1lYm9yZGVyJTNEJTIyMCUyMiUyMHN0eWxlJTNEJTIyYm9yZGVyJTNBMCUyMiUyMGFsbG93ZnVsbHNjcmVlbiUzRSUzQyUyRmlmcmFtZSUzRQ==\u00a0\u00bb][\/vc_column_inner][vc_column_inner width=\u00a0\u00bb1\/2&Prime;]<div role=\"form\" class=\"wpcf7\" id=\"wpcf7-f105-o1\" lang=\"fr-FR\" dir=\"ltr\">\n<div class=\"screen-reader-response\" role=\"alert\" aria-live=\"polite\"><\/div>\n<form action=\"\/index.php\/wp-json\/wp\/v2\/pages\/3264#wpcf7-f105-o1\" method=\"post\" class=\"wpcf7-form init\" novalidate=\"novalidate\">\n<div style=\"display: none;\">\n<input type=\"hidden\" name=\"_wpcf7\" value=\"105\" \/>\n<input type=\"hidden\" name=\"_wpcf7_version\" value=\"5.2.2\" \/>\n<input type=\"hidden\" name=\"_wpcf7_locale\" value=\"fr_FR\" \/>\n<input type=\"hidden\" name=\"_wpcf7_unit_tag\" value=\"wpcf7-f105-o1\" \/>\n<input type=\"hidden\" name=\"_wpcf7_container_post\" value=\"0\" \/>\n<input type=\"hidden\" name=\"_wpcf7_posted_data_hash\" value=\"\" \/>\n<input type=\"hidden\" name=\"_wpcf7_recaptcha_response\" value=\"\" \/>\n<\/div>\n<p><label> Full name<br \/>\n    <span class=\"wpcf7-form-control-wrap your-name\"><input type=\"text\" name=\"your-name\" value=\"\" size=\"40\" class=\"wpcf7-form-control wpcf7-text wpcf7-validates-as-required\" aria-required=\"true\" aria-invalid=\"false\" \/><\/span> <\/label><\/p>\n<p><label> E-mail<br \/>\n    <span class=\"wpcf7-form-control-wrap your-email\"><input type=\"email\" name=\"your-email\" value=\"\" size=\"40\" class=\"wpcf7-form-control wpcf7-text wpcf7-email wpcf7-validates-as-required wpcf7-validates-as-email\" aria-required=\"true\" aria-invalid=\"false\" \/><\/span> <\/label><\/p>\n<p><label> Subject<br \/>\n    <span class=\"wpcf7-form-control-wrap your-subject\"><input type=\"text\" name=\"your-subject\" value=\"\" size=\"40\" class=\"wpcf7-form-control wpcf7-text\" aria-invalid=\"false\" \/><\/span> <\/label><\/p>\n<p><label> Your Message<br \/>\n    <span class=\"wpcf7-form-control-wrap your-message\"><textarea name=\"your-message\" cols=\"40\" rows=\"10\" class=\"wpcf7-form-control wpcf7-textarea\" aria-invalid=\"false\"><\/textarea><\/span> <\/label><\/p>\n\n<p><input type=\"submit\" value=\"Envoyer\" class=\"wpcf7-form-control wpcf7-submit\" \/><\/p>\n<div class=\"wpcf7-response-output\" role=\"alert\" aria-hidden=\"true\"><\/div><\/form><\/div>[\/vc_column_inner][\/vc_row_inner][\/vc_column][\/vc_row][vc_row][vc_column][\/vc_column][\/vc_row]<\/p>\n","protected":false},"excerpt":{"rendered":"<p>[vc_row][vc_column][\/vc_column][\/vc_row][vc_row][vc_column][vc_column_text][\/vc_column_text][\/vc_column][\/vc_row][vc_row tz_row_type=\u00a0\u00bbgrid\u00a0\u00bb tz_ruler=\u00a0\u00bb1&Prime; css=\u00a0\u00bb.vc_custom_1454662698298{padding-top: 75px !important;padding-bottom: 63px !important;}\u00a0\u00bb][vc_column][vc_column_text] Especializado en la planificaci\u00f3n y la creaci\u00f3n de espacios, Casa Design Habitat se compromete a aportarle soluciones innovadoras para satisfacer sus deseos. Desde el consejo en decoraci\u00f3n hasta el seguimiento completo de su proyecto, estaremos a su servicio para que sus ideas encuentren vida y sensibilidad. Le [&hellip;]<\/p>\n","protected":false},"author":1,"featured_media":0,"parent":0,"menu_order":0,"comment_status":"closed","ping_status":"closed","template":"template-homepage.php","meta":[],"_links":{"self":[{"href":"https:\/\/casadesign.es\/index.php\/wp-json\/wp\/v2\/pages\/3264"}],"collection":[{"href":"https:\/\/casadesign.es\/index.php\/wp-json\/wp\/v2\/pages"}],"about":[{"href":"https:\/\/casadesign.es\/index.php\/wp-json\/wp\/v2\/types\/page"}],"author":[{"embeddable":true,"href":"https:\/\/casadesign.es\/index.php\/wp-json\/wp\/v2\/users\/1"}],"replies":[{"embeddable":true,"href":"https:\/\/casadesign.es\/index.php\/wp-json\/wp\/v2\/comments?post=3264"}],"version-history":[{"count":6,"href":"https:\/\/casadesign.es\/index.php\/wp-json\/wp\/v2\/pages\/3264\/revisions"}],"predecessor-version":[{"id":3630,"href":"https:\/\/casadesign.es\/index.php\/wp-json\/wp\/v2\/pages\/3264\/revisions\/3630"}],"wp:attachment":[{"href":"https:\/\/casadesign.es\/index.php\/wp-json\/wp\/v2\/media?parent=3264"}],"curies":[{"name":"wp","href":"https:\/\/api.w.org\/{rel}","templated":true}]}}