{"id":3262,"date":"2018-04-14T14:41:09","date_gmt":"2018-04-14T12:41:09","guid":{"rendered":"http:\/\/casadesign.es\/?page_id=3262"},"modified":"2020-10-15T09:36:51","modified_gmt":"2020-10-15T07:36:51","slug":"cocinas","status":"publish","type":"page","link":"https:\/\/casadesign.es\/index.php\/cocinas\/","title":{"rendered":"COCINAS"},"content":{"rendered":"<p>[vc_row][vc_column][vc_column_text]<span style=\"font-size: 18px;\">Especializados desde hace m\u00e1s de 20 a\u00f1os en el dise\u00f1o de cocinas en el sur de Francia, le invitamos a descubrir nuestros diferentes estilos y materiales para cualquier tipo de presupuesto con una selecci\u00f3n de electrodom\u00e9sticos de toda marcas.<\/span><\/p>\n<p><span style=\"font-size: 18px;\">De lo moderno al dise\u00f1o a trav\u00e9s de lo cl\u00e1sico o contempor\u00e1neo. Descubrir\u00e1 en nuestra sala de exposici\u00f3n materiales y texturas como, fenix, hormig\u00f3n pulido, pol\u00edmero, lacas, maderas, laminados &#8230;<\/span><\/p>\n<p><span style=\"font-size: 18px;\">Nuestro enfoque:<\/span><\/p>\n<p>&#8211; Bienvenida y descubrimiento de nuestras instalaciones.<br \/>\n&#8211; Presentaci\u00f3n de nuestro grupo, sus productos y servicios.<br \/>\n&#8211; Aconseja y participa en la elecci\u00f3n de materiales y colores.<br \/>\n&#8211; Realizaci\u00f3n de la medici\u00f3n del hogar y el dise\u00f1o de un proyecto preliminar.<br \/>\n&#8211; Presentaci\u00f3n de dibujos, planos y su 3D.<br \/>\n&#8211; Dise\u00f1o del proyecto final.<br \/>\n&#8211; Creaci\u00f3n de un archivo completo que incluye todos los planos t\u00e9cnicos necesarios para la buena realizaci\u00f3n de su proyecto y para la buena ejecuci\u00f3n de los trabajos.<\/p>\n<p><span id=\"result_box\" class=\"short_text\" lang=\"es\"><span class=\"\">Para enviar un archivo adjunto<\/span><\/span>: contact@casadesign.es[\/vc_column_text][vc_empty_space][vc_zigzag][vc_images_carousel images=\u00a0\u00bb3554,3555,3556&Prime; img_size=\u00a0\u00bbfull\u00a0\u00bb autoplay=\u00a0\u00bbyes\u00a0\u00bb wrap=\u00a0\u00bbyes\u00a0\u00bb][vc_zigzag][vc_images_carousel images=\u00a0\u00bb3441,3442,3443&Prime; img_size=\u00a0\u00bbfull\u00a0\u00bb autoplay=\u00a0\u00bbyes\u00a0\u00bb wrap=\u00a0\u00bbyes\u00a0\u00bb][vc_zigzag][\/vc_column][\/vc_row][vc_row][vc_column][vc_images_carousel images=\u00a0\u00bb3446,3447,3445&Prime; img_size=\u00a0\u00bbfull\u00a0\u00bb autoplay=\u00a0\u00bbyes\u00a0\u00bb wrap=\u00a0\u00bbyes\u00a0\u00bb][\/vc_column][\/vc_row]<\/p>\n","protected":false},"excerpt":{"rendered":"<p>[vc_row][vc_column][vc_column_text]Especializados desde hace m\u00e1s de 20 a\u00f1os en el dise\u00f1o de cocinas en el sur de Francia, le invitamos a descubrir nuestros diferentes estilos y materiales para cualquier tipo de presupuesto con una selecci\u00f3n de electrodom\u00e9sticos de toda marcas. De lo moderno al dise\u00f1o a trav\u00e9s de lo cl\u00e1sico o contempor\u00e1neo. Descubrir\u00e1 en nuestra sala [&hellip;]<\/p>\n","protected":false},"author":1,"featured_media":4,"parent":0,"menu_order":0,"comment_status":"closed","ping_status":"closed","template":"","meta":[],"_links":{"self":[{"href":"https:\/\/casadesign.es\/index.php\/wp-json\/wp\/v2\/pages\/3262"}],"collection":[{"href":"https:\/\/casadesign.es\/index.php\/wp-json\/wp\/v2\/pages"}],"about":[{"href":"https:\/\/casadesign.es\/index.php\/wp-json\/wp\/v2\/types\/page"}],"author":[{"embeddable":true,"href":"https:\/\/casadesign.es\/index.php\/wp-json\/wp\/v2\/users\/1"}],"replies":[{"embeddable":true,"href":"https:\/\/casadesign.es\/index.php\/wp-json\/wp\/v2\/comments?post=3262"}],"version-history":[{"count":7,"href":"https:\/\/casadesign.es\/index.php\/wp-json\/wp\/v2\/pages\/3262\/revisions"}],"predecessor-version":[{"id":3557,"href":"https:\/\/casadesign.es\/index.php\/wp-json\/wp\/v2\/pages\/3262\/revisions\/3557"}],"wp:featuredmedia":[{"embeddable":true,"href":"https:\/\/casadesign.es\/index.php\/wp-json\/wp\/v2\/media\/4"}],"wp:attachment":[{"href":"https:\/\/casadesign.es\/index.php\/wp-json\/wp\/v2\/media?parent=3262"}],"curies":[{"name":"wp","href":"https:\/\/api.w.org\/{rel}","templated":true}]}}