{"id":3259,"date":"2018-04-14T14:40:23","date_gmt":"2018-04-14T12:40:23","guid":{"rendered":"http:\/\/casadesign.es\/?page_id=3259"},"modified":"2020-10-15T13:03:40","modified_gmt":"2020-10-15T11:03:40","slug":"creacion-de-muebles","status":"publish","type":"page","link":"https:\/\/casadesign.es\/index.php\/creacion-de-muebles\/","title":{"rendered":"CREACI\u00d3N DE MUEBLES"},"content":{"rendered":"<p>[vc_row][vc_column][\/vc_column][\/vc_row][vc_row][vc_column][vc_empty_space][vc_zigzag][vc_column_text]<span style=\"font-size: 18px;\">Creaciones y decoraciones a medida para profesionales y particulares.<\/span><\/p>\n<p><span style=\"font-size: 18px;\">Nuestro equipo de artesanos asegura que cada creaci\u00f3n de muebles o espacio lleva la marca del hombre.<\/span><\/p>\n<p><span style=\"font-size: 18px;\">Nuestras creaciones y decoraciones se aplican tambi\u00e9n para particulares como para profesionales, gabinetes de dentistas, notarios, abogados, hoteles, restaurantes, bares, peluquer\u00edas, oficinas, escenas, teatros &#8230;<\/span><\/p>\n<p><span style=\"font-size: 18px;\">Encontrar\u00e1 una visi\u00f3n general en las fotos de facebook, instagram y en houzz de las diferentes instalaciones al ir desde el estilo industrial, barroco, vintage, contempor\u00e1neo, classico &#8230;<\/span><\/p>\n<p><span style=\"font-size: 18px;\">Ven a descubrir nuestro cat\u00e1logo de tendencias y encuentre los productos de nuestras marcas en nuestro showroom, as\u00ed como las creaciones exclusivas y \u00fanicas de nuestros dise\u00f1adores.<\/span><\/p>\n<p><span id=\"result_box\" class=\"short_text\" lang=\"es\"><span class=\"\">Para enviar un archivo adjunto<\/span><\/span>: contact@casadesign.es[\/vc_column_text][vc_empty_space][\/vc_column][\/vc_row][vc_row][vc_column][vc_masonry_media_grid grid_id=\u00a0\u00bbvc_gid:1602755040793-90e6122d78f51145ec82ea11d32ef21b-8&Prime; include=\u00a0\u00bb2961,2965,2968,2970,2967,2971,2962,2972,2964,3200,3198,2966,3451,3452,3450&Prime;][vc_zigzag][vc_images_carousel images=\u00a0\u00bb3426,3424,3425&Prime; img_size=\u00a0\u00bbfull\u00a0\u00bb autoplay=\u00a0\u00bbyes\u00a0\u00bb wrap=\u00a0\u00bbyes\u00a0\u00bb][vc_zigzag][vc_masonry_media_grid grid_id=\u00a0\u00bbvc_gid:1602759685791-4444db3c-a977-7&Prime; include=\u00a0\u00bb3616,3614,3615&Prime;][vc_zigzag][vc_zigzag][vc_images_carousel images=\u00a0\u00bb3609,3610,3611&Prime; img_size=\u00a0\u00bbfull\u00a0\u00bb autoplay=\u00a0\u00bbyes\u00a0\u00bb wrap=\u00a0\u00bbyes\u00a0\u00bb][\/vc_column][\/vc_row]<\/p>\n","protected":false},"excerpt":{"rendered":"<p>[vc_row][vc_column][\/vc_column][\/vc_row][vc_row][vc_column][vc_empty_space][vc_zigzag][vc_column_text]Creaciones y decoraciones a medida para profesionales y particulares. Nuestro equipo de artesanos asegura que cada creaci\u00f3n de muebles o espacio lleva la marca del hombre. Nuestras creaciones y decoraciones se aplican tambi\u00e9n para particulares como para profesionales, gabinetes de dentistas, notarios, abogados, hoteles, restaurantes, bares, peluquer\u00edas, oficinas, escenas, teatros &#8230; Encontrar\u00e1 una visi\u00f3n general [&hellip;]<\/p>\n","protected":false},"author":1,"featured_media":0,"parent":0,"menu_order":0,"comment_status":"closed","ping_status":"closed","template":"","meta":[],"_links":{"self":[{"href":"https:\/\/casadesign.es\/index.php\/wp-json\/wp\/v2\/pages\/3259"}],"collection":[{"href":"https:\/\/casadesign.es\/index.php\/wp-json\/wp\/v2\/pages"}],"about":[{"href":"https:\/\/casadesign.es\/index.php\/wp-json\/wp\/v2\/types\/page"}],"author":[{"embeddable":true,"href":"https:\/\/casadesign.es\/index.php\/wp-json\/wp\/v2\/users\/1"}],"replies":[{"embeddable":true,"href":"https:\/\/casadesign.es\/index.php\/wp-json\/wp\/v2\/comments?post=3259"}],"version-history":[{"count":8,"href":"https:\/\/casadesign.es\/index.php\/wp-json\/wp\/v2\/pages\/3259\/revisions"}],"predecessor-version":[{"id":3617,"href":"https:\/\/casadesign.es\/index.php\/wp-json\/wp\/v2\/pages\/3259\/revisions\/3617"}],"wp:attachment":[{"href":"https:\/\/casadesign.es\/index.php\/wp-json\/wp\/v2\/media?parent=3259"}],"curies":[{"name":"wp","href":"https:\/\/api.w.org\/{rel}","templated":true}]}}