{"id":3257,"date":"2018-04-14T14:37:57","date_gmt":"2018-04-14T12:37:57","guid":{"rendered":"http:\/\/casadesign.es\/?page_id=3257"},"modified":"2020-10-15T10:28:38","modified_gmt":"2020-10-15T08:28:38","slug":"cuarto-de-bano-i-dressing","status":"publish","type":"page","link":"https:\/\/casadesign.es\/index.php\/cuarto-de-bano-i-dressing\/","title":{"rendered":"CUARTO DE BA\u00d1O I DRESSING"},"content":{"rendered":"<p>[vc_row][vc_column][vc_column_text]<span style=\"font-size: 18px;\">Nos ocupamos de su proyecto de la A a la Z<\/span><\/p>\n<p><span style=\"font-size: 18px;\">Instalaci\u00f3n de su nuevo ba\u00f1o o vestidor, instalaci\u00f3n de accesorios complementarios, almacenamiento bien pensado, muebles o columnas personalizadas donde todos sus accesorios encuentran su lugar. Una amplia gama de posibilidades en materiales como m\u00e1rmol, superficie s\u00f3lida, resina acr\u00edlica, cer\u00e1mica&#8230;<\/span><\/p>\n<p><span style=\"font-size: 18px;\">Casa Design os ofrece varias opciones de ambiente que van desde lo contempor\u00e1neo a lo cl\u00e1sico, n\u00f3rdico a industrial, mar\u00edtimo, r\u00fastico &#8230; Nuestros decoradores se encargar\u00e1n para usted de encontrar las mejores soluciones adaptadas a sus necesidades y a su presupuesto.<\/span><\/p>\n<p><span style=\"font-size: 16px;\">contact@casadesign.es<\/span>[\/vc_column_text][\/vc_column][\/vc_row][vc_row][vc_column][vc_empty_space][vc_zigzag][\/vc_column][\/vc_row][vc_row][vc_column][vc_images_carousel images=\u00a0\u00bb3585,3586,3587&Prime; img_size=\u00a0\u00bbfull\u00a0\u00bb autoplay=\u00a0\u00bbyes\u00a0\u00bb wrap=\u00a0\u00bbyes\u00a0\u00bb][vc_zigzag][vc_images_carousel images=\u00a0\u00bb3456,3454,3455&Prime; img_size=\u00a0\u00bbfull\u00a0\u00bb autoplay=\u00a0\u00bbyes\u00a0\u00bb wrap=\u00a0\u00bbyes\u00a0\u00bb][vc_zigzag][vc_images_carousel images=\u00a0\u00bb3544,3546,3547&Prime; img_size=\u00a0\u00bbfull\u00a0\u00bb autoplay=\u00a0\u00bbyes\u00a0\u00bb wrap=\u00a0\u00bbyes\u00a0\u00bb][vc_zigzag][\/vc_column][\/vc_row]<\/p>\n","protected":false},"excerpt":{"rendered":"<p>[vc_row][vc_column][vc_column_text]Nos ocupamos de su proyecto de la A a la Z Instalaci\u00f3n de su nuevo ba\u00f1o o vestidor, instalaci\u00f3n de accesorios complementarios, almacenamiento bien pensado, muebles o columnas personalizadas donde todos sus accesorios encuentran su lugar. Una amplia gama de posibilidades en materiales como m\u00e1rmol, superficie s\u00f3lida, resina acr\u00edlica, cer\u00e1mica&#8230; Casa Design os ofrece varias [&hellip;]<\/p>\n","protected":false},"author":1,"featured_media":0,"parent":0,"menu_order":0,"comment_status":"closed","ping_status":"closed","template":"","meta":[],"_links":{"self":[{"href":"https:\/\/casadesign.es\/index.php\/wp-json\/wp\/v2\/pages\/3257"}],"collection":[{"href":"https:\/\/casadesign.es\/index.php\/wp-json\/wp\/v2\/pages"}],"about":[{"href":"https:\/\/casadesign.es\/index.php\/wp-json\/wp\/v2\/types\/page"}],"author":[{"embeddable":true,"href":"https:\/\/casadesign.es\/index.php\/wp-json\/wp\/v2\/users\/1"}],"replies":[{"embeddable":true,"href":"https:\/\/casadesign.es\/index.php\/wp-json\/wp\/v2\/comments?post=3257"}],"version-history":[{"count":8,"href":"https:\/\/casadesign.es\/index.php\/wp-json\/wp\/v2\/pages\/3257\/revisions"}],"predecessor-version":[{"id":3588,"href":"https:\/\/casadesign.es\/index.php\/wp-json\/wp\/v2\/pages\/3257\/revisions\/3588"}],"wp:attachment":[{"href":"https:\/\/casadesign.es\/index.php\/wp-json\/wp\/v2\/media?parent=3257"}],"curies":[{"name":"wp","href":"https:\/\/api.w.org\/{rel}","templated":true}]}}