{"id":3220,"date":"2018-04-14T13:55:50","date_gmt":"2018-04-14T11:55:50","guid":{"rendered":"http:\/\/casadesign.es\/?page_id=3220"},"modified":"2020-10-15T09:55:32","modified_gmt":"2020-10-15T07:55:32","slug":"planificacio-de-larea-professional","status":"publish","type":"page","link":"https:\/\/casadesign.es\/index.php\/ca\/planificacio-de-larea-professional\/","title":{"rendered":"PLANIFICACI\u00d3 DE L&rsquo;\u00c0REA PROFESSIONAL"},"content":{"rendered":"<p>[vc_row][vc_column][vc_empty_space][vc_zigzag][vc_column_text]<span style=\"font-size: 18px;\">Obteniu assist\u00e8ncia d&rsquo;un dels nostres dissenyadors i decoradors d&rsquo;interiors en el vostre projecte de desenvolupament o renovaci\u00f3 del vostre espai comercial, us permetr\u00e0 anticipar totes les dades abans d&rsquo;iniciar el treball de viabilitat, pressupost per predir, elecci\u00f3 de materials, colors, mobles i equips a trav\u00e9s d&rsquo;elements consistents que passaran a formar part del vostre dossier, aix\u00ed com el seguiment i la coordinaci\u00f3 del treball de desenvolupament. Gr\u00e0fics, esbossos, plans, representacions en 3D.<\/span><br \/>\n<span style=\"font-size: 18px;\">El nostre coneixement del mercat ens permetr\u00e0 obtenir les cotitzacions m\u00e9s precises possibles.<\/span><\/p>\n<p><span style=\"font-size: 18px;\">Voleu fer una pregunta o fer una cita? No dubteu a escriure&rsquo;ns enviant-nos la informaci\u00f3 que vulgueu (descripci\u00f3 del projecte, superf\u00edcie, pressupost) ens posarem en contacte amb vost\u00e8s el m\u00e9s aviat possible per parlar amb vost\u00e8s del vostre projecte i per estar a la vostra disposici\u00f3.<\/span><\/p>\n<p><span style=\"font-size: 16px;\">Per enviar un fitxer adjunt contact@casadesign.com<\/span>[\/vc_column_text][\/vc_column][\/vc_row][vc_row][vc_column][\/vc_column][\/vc_row][vc_row][vc_column][vc_zigzag][vc_masonry_media_grid grid_id=\u00a0\u00bbvc_gid:1602748368643-bf0959db656de1de7855679e64099fa9-7&Prime; include=\u00a0\u00bb3401,3403,3400&Prime;][vc_zigzag][vc_masonry_media_grid grid_id=\u00a0\u00bbvc_gid:1602748368818-cd8064d7359cd99ac27f338332f0baa8-1&Prime; include=\u00a0\u00bb3399,3398,3397&Prime;][vc_zigzag][vc_masonry_media_grid grid_id=\u00a0\u00bbvc_gid:1602748368937-c2252a7d9d5c0eb6885c8386e54301da-1&Prime; include=\u00a0\u00bb3406,3404,3405&Prime;][vc_zigzag][vc_masonry_media_grid grid_id=\u00a0\u00bbvc_gid:1602748369139-ad0fb7307604b0f6fedafeaec97f517f-10&Prime; include=\u00a0\u00bb3408,3407,3409&Prime;][vc_zigzag][vc_masonry_media_grid grid_id=\u00a0\u00bbvc_gid:1602748369368-b2433e8d0efc2ffbf2292a70361d9e1b-6&Prime; include=\u00a0\u00bb3516,3517,3518&Prime;][vc_zigzag][vc_masonry_media_grid grid_id=\u00a0\u00bbvc_gid:1602748395826-8a1d3d6c-0e7f-8&Prime; include=\u00a0\u00bb3578,3580,3579&Prime;][vc_zigzag][\/vc_column][\/vc_row]<\/p>\n","protected":false},"excerpt":{"rendered":"<p>[vc_row][vc_column][vc_empty_space][vc_zigzag][vc_column_text]Obteniu assist\u00e8ncia d&rsquo;un dels nostres dissenyadors i decoradors d&rsquo;interiors en el vostre projecte de desenvolupament o renovaci\u00f3 del vostre espai comercial, us permetr\u00e0 anticipar totes les dades abans d&rsquo;iniciar el treball de viabilitat, pressupost per predir, elecci\u00f3 de materials, colors, mobles i equips a trav\u00e9s d&rsquo;elements consistents que passaran a formar part del vostre dossier, [&hellip;]<\/p>\n","protected":false},"author":1,"featured_media":3156,"parent":0,"menu_order":0,"comment_status":"closed","ping_status":"closed","template":"","meta":[],"_links":{"self":[{"href":"https:\/\/casadesign.es\/index.php\/wp-json\/wp\/v2\/pages\/3220"}],"collection":[{"href":"https:\/\/casadesign.es\/index.php\/wp-json\/wp\/v2\/pages"}],"about":[{"href":"https:\/\/casadesign.es\/index.php\/wp-json\/wp\/v2\/types\/page"}],"author":[{"embeddable":true,"href":"https:\/\/casadesign.es\/index.php\/wp-json\/wp\/v2\/users\/1"}],"replies":[{"embeddable":true,"href":"https:\/\/casadesign.es\/index.php\/wp-json\/wp\/v2\/comments?post=3220"}],"version-history":[{"count":9,"href":"https:\/\/casadesign.es\/index.php\/wp-json\/wp\/v2\/pages\/3220\/revisions"}],"predecessor-version":[{"id":3581,"href":"https:\/\/casadesign.es\/index.php\/wp-json\/wp\/v2\/pages\/3220\/revisions\/3581"}],"wp:featuredmedia":[{"embeddable":true,"href":"https:\/\/casadesign.es\/index.php\/wp-json\/wp\/v2\/media\/3156"}],"wp:attachment":[{"href":"https:\/\/casadesign.es\/index.php\/wp-json\/wp\/v2\/media?parent=3220"}],"curies":[{"name":"wp","href":"https:\/\/api.w.org\/{rel}","templated":true}]}}