{"id":3067,"date":"2017-11-07T09:38:43","date_gmt":"2017-11-07T08:38:43","guid":{"rendered":"http:\/\/casadesign.es\/?page_id=3067"},"modified":"2020-10-14T08:11:14","modified_gmt":"2020-10-14T06:11:14","slug":"amenagement","status":"publish","type":"page","link":"https:\/\/casadesign.es\/index.php\/fr\/amenagement\/","title":{"rendered":"Am\u00e9nagement"},"content":{"rendered":"<p>[vc_row][vc_column][\/vc_column][\/vc_row][vc_row][vc_column][vc_empty_space][vc_zigzag][vc_column_text]<\/p>\n<p style=\"text-align: left;\"><span style=\"font-size: 18px;\">Faites vous assister par un de nos architecte d\u2019int\u00e9rieur et d\u00e9corateur dans votre projet d\u2019am\u00e9nagement ou de r\u00e9novation de votre espace commercial, <\/span><span style=\"font-size: 18px;\">il vous permettra d&rsquo;anticiper toutes les donn\u00e9es avant de commencer les travaux de faisabilit\u00e9, budget \u00e0 pr\u00e9voir, choix des mat\u00e9riaux, des couleurs, du mobilier et des \u00e9quipements \u00e0 travers des \u00e9l\u00e9ments consistant qui feront corps avec votre dossier, a<\/span><span style=\"font-size: 18px;\">insi que le suivi et la coordination des travaux d\u2019am\u00e9nagement. G<\/span><span style=\"font-size: 18px;\">raphiques, esquisses, plans, rendus 3D.\u2028<\/span><br \/>\n<span style=\"font-size: 18px;\">Notre connaissance du march\u00e9 nous permettra d&rsquo;obtenir des devis les plus justes possibles.<\/span><\/p>\n<p style=\"text-align: left;\"><span style=\"font-size: 18px;\">Vous souhaitez poser une question ou prendre un rendez-vous ? N&rsquo;h\u00e9sitez pas \u00e0 nous \u00e9crire en nous transmettant les informations que vous souhaitez (description du projet, surface, budget) nous vous contacterons dans les meilleurs d\u00e9lais pour discuter avec vous de votre projet d&rsquo;am\u00e9nagement afin d&rsquo;\u00eatre parfaitement \u00e0 votre \u00e9coute.<\/span><br \/>\n<span style=\"font-size: 18px;\">Pour adresser une pi\u00e8ce jointe contact@casadesign.es<\/span><\/p>\n<p>[\/vc_column_text][vc_empty_space][vc_masonry_media_grid grid_id=\u00a0\u00bbvc_gid:1602655612714-5bf678ca41ee1c7a0cb3223949f7faa9-3&Prime; include=\u00a0\u00bb3495,3496,3497&Prime;][\/vc_column][\/vc_row][vc_row][vc_column][vc_zigzag][vc_masonry_media_grid grid_id=\u00a0\u00bbvc_gid:1602655613062-2ddba624624b22ed438d9fa244d1d54f-6&Prime; include=\u00a0\u00bb3375,3386,3374&Prime;][vc_zigzag][vc_masonry_media_grid grid_id=\u00a0\u00bbvc_gid:1602655613231-33775a7f48b193f3d89ecc16f0e4b025-9&Prime; include=\u00a0\u00bb3373,3384,3383&Prime;][vc_zigzag][vc_masonry_media_grid grid_id=\u00a0\u00bbvc_gid:1602655613373-26666c883cb304343e8e5b998a9732e9-7&Prime; include=\u00a0\u00bb3359,3387,3358&Prime;][vc_zigzag][vc_masonry_media_grid grid_id=\u00a0\u00bbvc_gid:1602655613620-7dccd759b2ce90d74f456cbec3b882ab-6&Prime; include=\u00a0\u00bb3381,3390,3380&Prime;][vc_zigzag][vc_zigzag][vc_masonry_media_grid grid_id=\u00a0\u00bbvc_gid:1602655613857-5b1757b26d7f9115eac9809e50e0804e-7&Prime; include=\u00a0\u00bb3499,3500,3498&Prime;][vc_zigzag][vc_masonry_media_grid grid_id=\u00a0\u00bbvc_gid:1602655614050-6d050b29ec3be5ab19ce39dfafb08287-6&Prime; include=\u00a0\u00bb3504,3503,3502&Prime;][vc_zigzag][vc_masonry_media_grid grid_id=\u00a0\u00bbvc_gid:1602655630442-9bc81428-10f2-0&Prime; include=\u00a0\u00bb3526,3527,3528&Prime;][vc_zigzag][\/vc_column][\/vc_row]<\/p>\n","protected":false},"excerpt":{"rendered":"<p>[vc_row][vc_column][\/vc_column][\/vc_row][vc_row][vc_column][vc_empty_space][vc_zigzag][vc_column_text] Faites vous assister par un de nos architecte d\u2019int\u00e9rieur et d\u00e9corateur dans votre projet d\u2019am\u00e9nagement ou de r\u00e9novation de votre espace commercial, il vous permettra d&rsquo;anticiper toutes les donn\u00e9es avant de commencer les travaux de faisabilit\u00e9, budget \u00e0 pr\u00e9voir, choix des mat\u00e9riaux, des couleurs, du mobilier et des \u00e9quipements \u00e0 travers des \u00e9l\u00e9ments consistant [&hellip;]<\/p>\n","protected":false},"author":1,"featured_media":3156,"parent":0,"menu_order":0,"comment_status":"closed","ping_status":"closed","template":"","meta":[],"_links":{"self":[{"href":"https:\/\/casadesign.es\/index.php\/wp-json\/wp\/v2\/pages\/3067"}],"collection":[{"href":"https:\/\/casadesign.es\/index.php\/wp-json\/wp\/v2\/pages"}],"about":[{"href":"https:\/\/casadesign.es\/index.php\/wp-json\/wp\/v2\/types\/page"}],"author":[{"embeddable":true,"href":"https:\/\/casadesign.es\/index.php\/wp-json\/wp\/v2\/users\/1"}],"replies":[{"embeddable":true,"href":"https:\/\/casadesign.es\/index.php\/wp-json\/wp\/v2\/comments?post=3067"}],"version-history":[{"count":16,"href":"https:\/\/casadesign.es\/index.php\/wp-json\/wp\/v2\/pages\/3067\/revisions"}],"predecessor-version":[{"id":3530,"href":"https:\/\/casadesign.es\/index.php\/wp-json\/wp\/v2\/pages\/3067\/revisions\/3530"}],"wp:featuredmedia":[{"embeddable":true,"href":"https:\/\/casadesign.es\/index.php\/wp-json\/wp\/v2\/media\/3156"}],"wp:attachment":[{"href":"https:\/\/casadesign.es\/index.php\/wp-json\/wp\/v2\/media?parent=3067"}],"curies":[{"name":"wp","href":"https:\/\/api.w.org\/{rel}","templated":true}]}}