{"id":2784,"date":"2017-07-31T17:39:15","date_gmt":"2017-07-31T15:39:15","guid":{"rendered":"http:\/\/casadesign.es\/?page_id=2784"},"modified":"2020-10-12T10:53:14","modified_gmt":"2020-10-12T08:53:14","slug":"reformes-integrales","status":"publish","type":"page","link":"https:\/\/casadesign.es\/index.php\/fr\/reformes-integrales\/","title":{"rendered":"REFORMES INTEGRALES"},"content":{"rendered":"<p>[vc_row][vc_column][vc_column_text]<span style=\"font-size: 18px;\">Travaux de r<span class=\"st\">\u00e9novations int\u00e9grales ou partielles de logements<\/span>, appartements, maisons, locaux commerciaux&#8230;<\/span><\/p>\n<p><span style=\"font-size: 20px;\"><span style=\"font-size: 18px;\"> Les techniques que nous ma\u00eetrisons et le professionnalisme de nos \u00e9quipes font de nous les partenaires privil\u00e9gi\u00e9s de ceux qui recherchent des interlocuteurs s\u00e9rieux et comp\u00e9tents \u00e0 toutes les \u00e9tapes du chantier, cahier des charges, maitrise d&rsquo;ouvrage, suivi et r\u00e9union chantier&#8230;<\/span><br \/>\n<\/span><\/p>\n<p>Pour adresser une pi\u00e8ce jointe contact@casadesign.es[\/vc_column_text][\/vc_column][\/vc_row][vc_row][vc_column][vc_empty_space][vc_zigzag][vc_empty_space][\/vc_column][\/vc_row][vc_row][vc_column]<div id=\"twenty20-1\" class=\"twenty20\" style=\"width: 650;\"><div class=\"twentytwenty-container twenty20-1 \"><img class=\"skip-lazy\" src=\"https:\/\/casadesign.es\/wp-content\/uploads\/2017\/08\/unnamed-1.png\" \/><img class=\"skip-lazy\" src=\"https:\/\/casadesign.es\/wp-content\/uploads\/2017\/08\/unnamed-2.png\" \/><\/div><script>jQuery(window).load(function(){jQuery(\".twentytwenty-container.twenty20-1[data-orientation!='vertical']\").twentytwenty({default_offset_pct: 0.5});jQuery(\".twenty20-1 .twentytwenty-overlay\").hide();jQuery(\".twenty20-1 .twentytwenty-overlay\").hide();});<\/script><\/div>[\/vc_column][\/vc_row][vc_row][vc_column][vc_empty_space][vc_zigzag][vc_empty_space][\/vc_column][\/vc_row][vc_row][vc_column][vc_empty_space][\/vc_column][\/vc_row][vc_row][vc_column][vc_column_text]<span style=\"font-size: 20px;\">EXEMPLE DE PROJET POUR PARTICULIER, MAISON, PISCINE, TERRASSE&#8230;<\/span><\/p>\n<p>PHOTOS AVANT &amp; APR\u00c8S TRAVAUX[\/vc_column_text][vc_masonry_media_grid grid_id=\u00a0\u00bbvc_gid:1602492700785-93f7b551f87ca1476f07e569b8db5ebf-10&Prime; include=\u00a0\u00bb2984,2998,2999,2983,2980,2981,2979,2982,2985,2987,2986&Prime;][vc_empty_space][vc_zigzag][vc_empty_space][vc_column_text]<span style=\"font-size: 20px;\">EXEMPLE DE PROJETS R\u00c9NOV\u00c9S, MAISONS, APPARTEMENTS<\/span><br \/>\nPHOTOS AVANT APR\u00c8S TRAVAUX[\/vc_column_text][vc_empty_space][vc_zigzag][vc_empty_space][\/vc_column][\/vc_row][vc_row][vc_column width=\u00a0\u00bb1\/2&Prime;]<div id=\"twenty20-2\" class=\"twenty20\" style=\"width: 650;\"><div class=\"twentytwenty-container twenty20-2 \"><img class=\"skip-lazy\" src=\"https:\/\/casadesign.es\/wp-content\/uploads\/2017\/08\/unnamed-3.png\" \/><img class=\"skip-lazy\" src=\"https:\/\/casadesign.es\/wp-content\/uploads\/2017\/08\/unnamed-4.png\" \/><\/div><script>jQuery(window).load(function(){jQuery(\".twentytwenty-container.twenty20-2[data-orientation!='vertical']\").twentytwenty({default_offset_pct: 0.5});jQuery(\".twenty20-2 .twentytwenty-overlay\").hide();jQuery(\".twenty20-2 .twentytwenty-overlay\").hide();});<\/script><\/div>[\/vc_column][vc_column width=\u00a0\u00bb1\/2&Prime;]<div id=\"twenty20-3\" class=\"twenty20\" style=\"width: 100% !important; clear: both;\"><div class=\"twentytwenty-container twenty20-3 \"><img class=\"skip-lazy\" src=\"https:\/\/casadesign.es\/wp-content\/uploads\/2017\/08\/unnamed-9.png\" \/><img class=\"skip-lazy\" src=\"https:\/\/casadesign.es\/wp-content\/uploads\/2017\/08\/unnamed.png\" \/><\/div><script>jQuery(window).load(function(){jQuery(\".twentytwenty-container.twenty20-3[data-orientation!='vertical']\").twentytwenty({default_offset_pct: 0.5});jQuery(\".twenty20-3 .twentytwenty-overlay\").hide();jQuery(\".twenty20-3 .twentytwenty-overlay\").hide();});<\/script><\/div>[\/vc_column][\/vc_row][vc_row][vc_column width=\u00a0\u00bb1\/2&Prime;]<div id=\"twenty20-4\" class=\"twenty20\" style=\"width: 650;\"><div class=\"twentytwenty-container twenty20-4 \"><img class=\"skip-lazy\" src=\"https:\/\/casadesign.es\/wp-content\/uploads\/2017\/08\/unnamed-5.png\" \/><img class=\"skip-lazy\" src=\"https:\/\/casadesign.es\/wp-content\/uploads\/2017\/08\/unnamed-6.png\" \/><\/div><script>jQuery(window).load(function(){jQuery(\".twentytwenty-container.twenty20-4[data-orientation!='vertical']\").twentytwenty({default_offset_pct: 0.5});jQuery(\".twenty20-4 .twentytwenty-overlay\").hide();jQuery(\".twenty20-4 .twentytwenty-overlay\").hide();});<\/script><\/div>[\/vc_column][vc_column width=\u00a0\u00bb1\/2&Prime;]<div id=\"twenty20-5\" class=\"twenty20\" style=\"width: 650;\"><div class=\"twentytwenty-container twenty20-5 \"><img class=\"skip-lazy\" src=\"https:\/\/casadesign.es\/wp-content\/uploads\/2017\/08\/unnamed-7.png\" \/><img class=\"skip-lazy\" src=\"https:\/\/casadesign.es\/wp-content\/uploads\/2017\/08\/unnamed-8.png\" \/><\/div><script>jQuery(window).load(function(){jQuery(\".twentytwenty-container.twenty20-5[data-orientation!='vertical']\").twentytwenty({default_offset_pct: 0.5});jQuery(\".twenty20-5 .twentytwenty-overlay\").hide();jQuery(\".twenty20-5 .twentytwenty-overlay\").hide();});<\/script><\/div>[\/vc_column][\/vc_row][vc_row][vc_column][vc_row_inner][vc_column_inner][vc_empty_space][vc_zigzag][vc_empty_space][vc_column_text]<span style=\"font-size: 18px;\">EXEMPLE DE PROJETS R\u00c9NOV\u00c9S. PHOTOS AVANT TRAVAUX<\/span><\/p>\n<p>R\u00e9novation d&rsquo;un espace cuisine d&rsquo;int\u00e9rieur, avant projet, 3d et r\u00e9alisation compl\u00e8te.[\/vc_column_text][vc_empty_space][vc_masonry_media_grid grid_id=\u00a0\u00bbvc_gid:1602492709821-c5a174cd51f4ec7e0f928625b1214505-8&Prime; include=\u00a0\u00bb3180,3181,3182&Prime;][vc_empty_space][vc_zigzag][vc_column_text]<span style=\"font-size: 18px;\">EXEMPLE DE PROJETS R\u00c9NOV\u00c9S. PHOTOS APRES TRAVAUX<\/span><\/p>\n<p>R\u00e9novation compl\u00e8te d&rsquo;une cuisine \u00e9quip\u00e9 ouverte sur salon, insertion d&rsquo;un lin\u00e9aire colonnes r\u00e9tro \u00e9clair\u00e9,<\/p>\n<p>conception au style contemporain, m\u00e9lange bois et laque blanche, plan de travail en Fenix blanc.<\/p>\n<p>[\/vc_column_text][vc_empty_space][vc_masonry_media_grid grid_id=\u00a0\u00bbvc_gid:1602492711848-bd995b33942c4423dd61d4912eb590b1-6&Prime; include=\u00a0\u00bb3187,3188,3185,3186,3189&Prime;][\/vc_column_inner][\/vc_row_inner][vc_empty_space][vc_zigzag][vc_empty_space][\/vc_column][\/vc_row]<\/p>\n","protected":false},"excerpt":{"rendered":"<p>[vc_row][vc_column][vc_column_text]Travaux de r\u00e9novations int\u00e9grales ou partielles de logements, appartements, maisons, locaux commerciaux&#8230; Les techniques que nous ma\u00eetrisons et le professionnalisme de nos \u00e9quipes font de nous les partenaires privil\u00e9gi\u00e9s de ceux qui recherchent des interlocuteurs s\u00e9rieux et comp\u00e9tents \u00e0 toutes les \u00e9tapes du chantier, cahier des charges, maitrise d&rsquo;ouvrage, suivi et r\u00e9union chantier&#8230; Pour adresser [&hellip;]<\/p>\n","protected":false},"author":1,"featured_media":0,"parent":0,"menu_order":0,"comment_status":"closed","ping_status":"closed","template":"","meta":[],"_links":{"self":[{"href":"https:\/\/casadesign.es\/index.php\/wp-json\/wp\/v2\/pages\/2784"}],"collection":[{"href":"https:\/\/casadesign.es\/index.php\/wp-json\/wp\/v2\/pages"}],"about":[{"href":"https:\/\/casadesign.es\/index.php\/wp-json\/wp\/v2\/types\/page"}],"author":[{"embeddable":true,"href":"https:\/\/casadesign.es\/index.php\/wp-json\/wp\/v2\/users\/1"}],"replies":[{"embeddable":true,"href":"https:\/\/casadesign.es\/index.php\/wp-json\/wp\/v2\/comments?post=2784"}],"version-history":[{"count":31,"href":"https:\/\/casadesign.es\/index.php\/wp-json\/wp\/v2\/pages\/2784\/revisions"}],"predecessor-version":[{"id":3470,"href":"https:\/\/casadesign.es\/index.php\/wp-json\/wp\/v2\/pages\/2784\/revisions\/3470"}],"wp:attachment":[{"href":"https:\/\/casadesign.es\/index.php\/wp-json\/wp\/v2\/media?parent=2784"}],"curies":[{"name":"wp","href":"https:\/\/api.w.org\/{rel}","templated":true}]}}