{"id":2775,"date":"2017-07-31T17:13:54","date_gmt":"2017-07-31T15:13:54","guid":{"rendered":"http:\/\/casadesign.es\/?page_id=2775"},"modified":"2020-10-11T13:07:02","modified_gmt":"2020-10-11T11:07:02","slug":"sur-mesure","status":"publish","type":"page","link":"https:\/\/casadesign.es\/index.php\/fr\/sur-mesure\/","title":{"rendered":"Cr\u00e9ation de meubles sur mesure"},"content":{"rendered":"<p>[vc_row][vc_column][\/vc_column][\/vc_row][vc_row][vc_column][vc_empty_space][vc_zigzag][vc_column_text]<span style=\"font-size: 18px;\">Cr\u00e9ations et d\u00e9corations sur mesures pour professionnels et particuliers.<\/span><\/p>\n<p><span style=\"font-size: 18px;\">Notre \u00e9quipe d&rsquo;artisans tient \u00e0 ce que chaque cr\u00e9ation de mobilier ou d&rsquo;espace r\u00e9alis\u00e9e <\/span><span style=\"font-size: 18px;\">porte la marque de l&rsquo;homme.<\/span><\/p>\n<p><span style=\"font-size: 18px;\"><span class=\"tlid-translation translation\" lang=\"fr\"><span class=\"\" title=\"\">Nos cr\u00e9ations et d\u00e9corations s&rsquo;appliquent \u00e9galement aux particuliers et professionnels, cabinets de dentistes, notaires, avocats, h\u00f4tels, restaurants, bars, coiffeurs, bureaux, sc\u00e8nes, th\u00e9\u00e2tres &#8230;<\/span><\/span><br \/>\n<\/span><\/p>\n<p><span style=\"font-size: 18px;\">Vous trouverez un aper\u00e7u en photos ainsi que sur Houzz, facebook ou instagram de diff\u00e9rents am\u00e9nagements en passant du style industriel, baroque, vintage, contemporain\u2026<\/span><\/p>\n<p><span style=\"font-size: 18px;\">Venez d\u00e9couvrir nos catalogues et carnet de tendances et y retrouver les produits phares de nos marques dans notre showroom, ainsi que les cr\u00e9ations exclusives et uniques de nos designers.<\/span><\/p>\n<p>Pour adresser une pi\u00e8ce jointe contact@casadesign.es[\/vc_column_text][vc_empty_space][\/vc_column][\/vc_row][vc_row][vc_column][vc_masonry_media_grid grid_id=\u00a0\u00bbvc_gid:1523777754272-1fd52c81-4644-4&Prime; include=\u00a0\u00bb2961,2965,2968,2970,2967,2971,2962,2972,2964,3200,3198,2966&Prime;][\/vc_column][\/vc_row]<\/p>\n","protected":false},"excerpt":{"rendered":"<p>[vc_row][vc_column][\/vc_column][\/vc_row][vc_row][vc_column][vc_empty_space][vc_zigzag][vc_column_text]Cr\u00e9ations et d\u00e9corations sur mesures pour professionnels et particuliers. Notre \u00e9quipe d&rsquo;artisans tient \u00e0 ce que chaque cr\u00e9ation de mobilier ou d&rsquo;espace r\u00e9alis\u00e9e porte la marque de l&rsquo;homme. Nos cr\u00e9ations et d\u00e9corations s&rsquo;appliquent \u00e9galement aux particuliers et professionnels, cabinets de dentistes, notaires, avocats, h\u00f4tels, restaurants, bars, coiffeurs, bureaux, sc\u00e8nes, th\u00e9\u00e2tres &#8230; Vous trouverez un aper\u00e7u [&hellip;]<\/p>\n","protected":false},"author":1,"featured_media":0,"parent":0,"menu_order":0,"comment_status":"closed","ping_status":"closed","template":"","meta":[],"_links":{"self":[{"href":"https:\/\/casadesign.es\/index.php\/wp-json\/wp\/v2\/pages\/2775"}],"collection":[{"href":"https:\/\/casadesign.es\/index.php\/wp-json\/wp\/v2\/pages"}],"about":[{"href":"https:\/\/casadesign.es\/index.php\/wp-json\/wp\/v2\/types\/page"}],"author":[{"embeddable":true,"href":"https:\/\/casadesign.es\/index.php\/wp-json\/wp\/v2\/users\/1"}],"replies":[{"embeddable":true,"href":"https:\/\/casadesign.es\/index.php\/wp-json\/wp\/v2\/comments?post=2775"}],"version-history":[{"count":27,"href":"https:\/\/casadesign.es\/index.php\/wp-json\/wp\/v2\/pages\/2775\/revisions"}],"predecessor-version":[{"id":3352,"href":"https:\/\/casadesign.es\/index.php\/wp-json\/wp\/v2\/pages\/2775\/revisions\/3352"}],"wp:attachment":[{"href":"https:\/\/casadesign.es\/index.php\/wp-json\/wp\/v2\/media?parent=2775"}],"curies":[{"name":"wp","href":"https:\/\/api.w.org\/{rel}","templated":true}]}}