{"id":2765,"date":"2017-07-31T17:01:03","date_gmt":"2017-07-31T15:01:03","guid":{"rendered":"http:\/\/casadesign.es\/?page_id=2765"},"modified":"2017-11-12T07:40:29","modified_gmt":"2017-11-12T06:40:29","slug":"salle-de-bain","status":"publish","type":"page","link":"https:\/\/casadesign.es\/index.php\/fr\/salle-de-bain\/","title":{"rendered":"Salle de Bain \/ Dressing"},"content":{"rendered":"<p>[vc_row][vc_column][vc_column_text]<span style=\"font-size: 18px;\">Nous prenons en charge votre projet de A \u00e0 Z<br \/>\n<\/span><\/p>\n<p><span style=\"font-size: 18px;\">D\u00e9pose de l&rsquo;ancien et installation de votre nouvelle salle de bain ou dressing, installation des accessoires compl\u00e9mentaires, des rangements bien pens\u00e9s, des meubles ou bien des colonnes sur mesures ou tous vos accessoires trouvent leur place. Un large choix de possibilit\u00e9s en baignoire receveur de douche et de mati\u00e8res comme le marbre, solide surface, r\u00e9sine acrylique, c\u00e9ramique, quartz&#8230;<br \/>\n<\/span><\/p>\n<p><span style=\"font-size: 20px;\"><span style=\"font-size: 18px;\">Casa Design vous propose plusieurs choix d&rsquo;ambiance allant du contemporain au classique chic, du nordique \u00e0 industriel, bord de mer, rustique&#8230;Nos d\u00e9corateurs prendrons soin avec vous de trouver les meilleurs solutions adapt\u00e9s \u00e0 vos exigences et \u00e0 votre budget.<\/span><br \/>\n<\/span><\/p>\n<p><span style=\"font-size: 18px;\">contact@casadesign.es<\/span>[\/vc_column_text][\/vc_column][\/vc_row][vc_row][vc_column][vc_empty_space][vc_zigzag][vc_empty_space][\/vc_column][\/vc_row][vc_row][vc_column][vc_masonry_media_grid grid_id=\u00a0\u00bbvc_gid:1510468729644-9b73483a-f50a-7&Prime; include=\u00a0\u00bb3129,3128,3130,3139,3127,3124,3125,3123,3126,3122,3135,3133,3137,3138,3134,3136,3148,3149&Prime;][\/vc_column][\/vc_row]<\/p>\n","protected":false},"excerpt":{"rendered":"<p>[vc_row][vc_column][vc_column_text]Nous prenons en charge votre projet de A \u00e0 Z D\u00e9pose de l&rsquo;ancien et installation de votre nouvelle salle de bain ou dressing, installation des accessoires compl\u00e9mentaires, des rangements bien pens\u00e9s, des meubles ou bien des colonnes sur mesures ou tous vos accessoires trouvent leur place. Un large choix de possibilit\u00e9s en baignoire receveur de [&hellip;]<\/p>\n","protected":false},"author":1,"featured_media":0,"parent":0,"menu_order":0,"comment_status":"closed","ping_status":"closed","template":"","meta":[],"_links":{"self":[{"href":"https:\/\/casadesign.es\/index.php\/wp-json\/wp\/v2\/pages\/2765"}],"collection":[{"href":"https:\/\/casadesign.es\/index.php\/wp-json\/wp\/v2\/pages"}],"about":[{"href":"https:\/\/casadesign.es\/index.php\/wp-json\/wp\/v2\/types\/page"}],"author":[{"embeddable":true,"href":"https:\/\/casadesign.es\/index.php\/wp-json\/wp\/v2\/users\/1"}],"replies":[{"embeddable":true,"href":"https:\/\/casadesign.es\/index.php\/wp-json\/wp\/v2\/comments?post=2765"}],"version-history":[{"count":15,"href":"https:\/\/casadesign.es\/index.php\/wp-json\/wp\/v2\/pages\/2765\/revisions"}],"predecessor-version":[{"id":3163,"href":"https:\/\/casadesign.es\/index.php\/wp-json\/wp\/v2\/pages\/2765\/revisions\/3163"}],"wp:attachment":[{"href":"https:\/\/casadesign.es\/index.php\/wp-json\/wp\/v2\/media?parent=2765"}],"curies":[{"name":"wp","href":"https:\/\/api.w.org\/{rel}","templated":true}]}}