{"id":11,"date":"2017-06-18T11:43:29","date_gmt":"2017-06-18T09:43:29","guid":{"rendered":"http:\/\/casadesign.es\/?page_id=11"},"modified":"2017-12-27T14:08:39","modified_gmt":"2017-12-27T13:08:39","slug":"cuisines","status":"publish","type":"page","link":"https:\/\/casadesign.es\/index.php\/fr\/cuisines\/","title":{"rendered":"Cuisines"},"content":{"rendered":"<p>[vc_row][vc_column][vc_column_text]<span style=\"font-size: 18px;\">Tout particuli\u00e8rement sp\u00e9cialis\u00e9 depuis plus de 20 ans dans l&rsquo;agencement de cuisine dans le sud de la France, nous vous invitons \u00e0 venir d\u00e9couvrir nos diff\u00e9rents styles et mat\u00e9riaux pour tout type de budget et de choix d&rsquo;\u00e9lectrom\u00e9nager toutes marques.<br \/>\n<\/span><\/p>\n<p><span style=\"font-size: 18px;\">Allant du moderne au design en passant par le classique ou le contemporain. Vous d\u00e9couvrirez\u00a0dans notre showroom des mati\u00e8res et des textures comme, le fenix, le b\u00e9ton cir\u00e9, le polym\u00e8re, les laques, <\/span><span style=\"font-size: 18px;\">le bois, le stratifi\u00e9&#8230;<br \/>\n<\/span><\/p>\n<p><span style=\"font-size: 18px;\">Notre d\u00e9marche :<\/span><\/p>\n<ul>\n<li><span style=\"font-size: 15px;\">Accueil et d\u00e9couverte de nos locaux.<\/span><\/li>\n<li><span style=\"font-size: 15px;\">Pr\u00e9sentation de notre groupe, ses produits et ses services.<\/span><\/li>\n<li>Vous conseillez et participer au choix des mat\u00e9riaux et des couleurs.<\/li>\n<li><span style=\"font-size: 15px;\">R\u00e9alisation ensemble du m\u00e9tr\u00e9 \u00e0 domicile et c<\/span><span style=\"font-size: 15px;\">onception d&rsquo;un avant projet. <\/span><\/li>\n<li><span style=\"font-size: 15px;\">Pr\u00e9sentation des dessins, des plans et de votre 3D.<\/span><\/li>\n<li><span style=\"font-size: 15px;\">Conception du projet d\u00e9finitif.<\/span><\/li>\n<li><span style=\"font-size: 15px;\">Constitution d&rsquo;un dossier complet comprenant tous les plans techniques n\u00e9cessaires \u00e0 la bonne r\u00e9alisation de votre projet et \u00e0 la bonne ex\u00e9cution des travaux.<\/span><\/li>\n<li>Pour adresser une pi\u00e8ce jointe contact@casadesign.es<\/li>\n<\/ul>\n<p>[\/vc_column_text][\/vc_column][\/vc_row][vc_row][vc_column][vc_empty_space][vc_zigzag][vc_empty_space][\/vc_column][\/vc_row][vc_row][vc_column][vc_masonry_media_grid grid_id=\u00a0\u00bbvc_gid:1514380133381-562ec3e0-bc73-1&Prime; include=\u00a0\u00bb3153,3114,3113,3115,3105,3106,3109,3108,3117,3107,3104,3118,3145,3142,3143,3151,3152,3154&Prime;][\/vc_column][\/vc_row]<\/p>\n","protected":false},"excerpt":{"rendered":"<p>[vc_row][vc_column][vc_column_text]Tout particuli\u00e8rement sp\u00e9cialis\u00e9 depuis plus de 20 ans dans l&rsquo;agencement de cuisine dans le sud de la France, nous vous invitons \u00e0 venir d\u00e9couvrir nos diff\u00e9rents styles et mat\u00e9riaux pour tout type de budget et de choix d&rsquo;\u00e9lectrom\u00e9nager toutes marques. Allant du moderne au design en passant par le classique ou le contemporain. Vous d\u00e9couvrirez\u00a0dans [&hellip;]<\/p>\n","protected":false},"author":1,"featured_media":4,"parent":0,"menu_order":0,"comment_status":"closed","ping_status":"closed","template":"","meta":[],"_links":{"self":[{"href":"https:\/\/casadesign.es\/index.php\/wp-json\/wp\/v2\/pages\/11"}],"collection":[{"href":"https:\/\/casadesign.es\/index.php\/wp-json\/wp\/v2\/pages"}],"about":[{"href":"https:\/\/casadesign.es\/index.php\/wp-json\/wp\/v2\/types\/page"}],"author":[{"embeddable":true,"href":"https:\/\/casadesign.es\/index.php\/wp-json\/wp\/v2\/users\/1"}],"replies":[{"embeddable":true,"href":"https:\/\/casadesign.es\/index.php\/wp-json\/wp\/v2\/comments?post=11"}],"version-history":[{"count":30,"href":"https:\/\/casadesign.es\/index.php\/wp-json\/wp\/v2\/pages\/11\/revisions"}],"predecessor-version":[{"id":3202,"href":"https:\/\/casadesign.es\/index.php\/wp-json\/wp\/v2\/pages\/11\/revisions\/3202"}],"wp:featuredmedia":[{"embeddable":true,"href":"https:\/\/casadesign.es\/index.php\/wp-json\/wp\/v2\/media\/4"}],"wp:attachment":[{"href":"https:\/\/casadesign.es\/index.php\/wp-json\/wp\/v2\/media?parent=11"}],"curies":[{"name":"wp","href":"https:\/\/api.w.org\/{rel}","templated":true}]}}